{"id":4433,"date":"2025-05-09T11:25:16","date_gmt":"2025-05-09T16:25:16","guid":{"rendered":"https:\/\/perlatodo.com\/perla\/?page_id=4433"},"modified":"2025-05-09T11:32:26","modified_gmt":"2025-05-09T16:32:26","slug":"blogs","status":"publish","type":"page","link":"https:\/\/perlatodo.com\/perla\/blogs\/","title":{"rendered":"Blogs"},"content":{"rendered":"\t\t<div data-elementor-type=\"wp-page\" data-elementor-id=\"4433\" class=\"elementor elementor-4433\" data-elementor-post-type=\"page\">\n\t\t\t\t\t\t<section data-particle_enable=\"false\" data-particle-mobile-disabled=\"false\" class=\"elementor-section elementor-top-section elementor-element elementor-element-b8b7637 elementor-section-full_width elementor-section-height-min-height elementor-section-stretched elementor-section-height-default elementor-section-items-middle\" data-id=\"b8b7637\" data-element_type=\"section\" data-e-type=\"section\" data-settings=\"{&quot;stretch_section&quot;:&quot;section-stretched&quot;,&quot;background_background&quot;:&quot;classic&quot;}\">\n\t\t\t\t\t\t\t<div class=\"elementor-background-overlay\"><\/div>\n\t\t\t\t\t\t\t<div class=\"elementor-container elementor-column-gap-no\">\n\t\t\t\t\t<div class=\"elementor-column elementor-col-100 elementor-top-column elementor-element elementor-element-3dcbd7b\" data-id=\"3dcbd7b\" data-element_type=\"column\" data-e-type=\"column\">\n\t\t\t<div class=\"elementor-widget-wrap elementor-element-populated\">\n\t\t\t\t\t\t<section data-particle_enable=\"false\" data-particle-mobile-disabled=\"false\" class=\"elementor-section elementor-inner-section elementor-element elementor-element-7b33351 elementor-section-boxed elementor-section-height-default elementor-section-height-default\" data-id=\"7b33351\" data-element_type=\"section\" data-e-type=\"section\">\n\t\t\t\t\t\t<div class=\"elementor-container elementor-column-gap-default\">\n\t\t\t\t\t<div class=\"elementor-column elementor-col-50 elementor-inner-column elementor-element elementor-element-8b015a6\" data-id=\"8b015a6\" data-element_type=\"column\" data-e-type=\"column\">\n\t\t\t<div class=\"elementor-widget-wrap elementor-element-populated\">\n\t\t\t\t\t\t<div class=\"elementor-element elementor-element-a63bfa3 elementor-widget elementor-widget-heading\" data-id=\"a63bfa3\" data-element_type=\"widget\" data-e-type=\"widget\" data-widget_type=\"heading.default\">\n\t\t\t\t<div class=\"elementor-widget-container\">\n\t\t\t\t\t<h2 class=\"elementor-heading-title elementor-size-default\">Blog<\/h2>\t\t\t\t<\/div>\n\t\t\t\t<\/div>\n\t\t\t\t\t<\/div>\n\t\t<\/div>\n\t\t\t\t<div class=\"elementor-column elementor-col-50 elementor-inner-column elementor-element elementor-element-399d3c4\" data-id=\"399d3c4\" data-element_type=\"column\" data-e-type=\"column\">\n\t\t\t<div class=\"elementor-widget-wrap\">\n\t\t\t\t\t\t\t<\/div>\n\t\t<\/div>\n\t\t\t\t\t<\/div>\n\t\t<\/section>\n\t\t\t\t\t<\/div>\n\t\t<\/div>\n\t\t\t\t\t<\/div>\n\t\t<\/section>\n\t\t\t\t<section data-particle_enable=\"false\" data-particle-mobile-disabled=\"false\" class=\"elementor-section elementor-top-section elementor-element elementor-element-12ccbae elementor-section-boxed elementor-section-height-default elementor-section-height-default\" data-id=\"12ccbae\" data-element_type=\"section\" data-e-type=\"section\">\n\t\t\t\t\t\t<div class=\"elementor-container elementor-column-gap-default\">\n\t\t\t\t\t<div class=\"elementor-column elementor-col-100 elementor-top-column elementor-element elementor-element-9a16bca\" data-id=\"9a16bca\" data-element_type=\"column\" data-e-type=\"column\">\n\t\t\t<div class=\"elementor-widget-wrap elementor-element-populated\">\n\t\t\t\t\t\t<section data-particle_enable=\"false\" data-particle-mobile-disabled=\"false\" class=\"elementor-section elementor-inner-section elementor-element elementor-element-ca98273 elementor-section-boxed elementor-section-height-default elementor-section-height-default\" data-id=\"ca98273\" data-element_type=\"section\" data-e-type=\"section\">\n\t\t\t\t\t\t<div class=\"elementor-container elementor-column-gap-default\">\n\t\t\t\t\t<div class=\"elementor-column elementor-col-100 elementor-inner-column elementor-element elementor-element-54c4a75\" data-id=\"54c4a75\" data-element_type=\"column\" data-e-type=\"column\">\n\t\t\t<div class=\"elementor-widget-wrap elementor-element-populated\">\n\t\t\t\t\t\t<div class=\"elementor-element elementor-element-e44582f elementor-posts--align-left elementor-grid-3 elementor-grid-tablet-2 elementor-grid-mobile-1 elementor-posts--thumbnail-top elementor-card-shadow-yes elementor-posts__hover-gradient elementor-widget elementor-widget-posts\" data-id=\"e44582f\" data-element_type=\"widget\" data-e-type=\"widget\" data-settings=\"{&quot;cards_masonry&quot;:&quot;yes&quot;,&quot;pagination_type&quot;:&quot;load_more_infinite_scroll&quot;,&quot;cards_columns&quot;:&quot;3&quot;,&quot;cards_columns_tablet&quot;:&quot;2&quot;,&quot;cards_columns_mobile&quot;:&quot;1&quot;,&quot;cards_row_gap&quot;:{&quot;unit&quot;:&quot;px&quot;,&quot;size&quot;:35,&quot;sizes&quot;:[]},&quot;cards_row_gap_tablet&quot;:{&quot;unit&quot;:&quot;px&quot;,&quot;size&quot;:&quot;&quot;,&quot;sizes&quot;:[]},&quot;cards_row_gap_mobile&quot;:{&quot;unit&quot;:&quot;px&quot;,&quot;size&quot;:&quot;&quot;,&quot;sizes&quot;:[]},&quot;load_more_spinner&quot;:{&quot;value&quot;:&quot;fas fa-spinner&quot;,&quot;library&quot;:&quot;fa-solid&quot;}}\" data-widget_type=\"posts.cards\">\n\t\t\t\t<div class=\"elementor-widget-container\">\n\t\t\t\t\t\t\t<div class=\"elementor-posts-container elementor-posts elementor-posts--skin-cards elementor-grid\" role=\"list\">\n\t\t\t\t<article class=\"elementor-post elementor-grid-item post-5406 post type-post status-publish format-standard has-post-thumbnail hentry category-blognew\" role=\"listitem\">\n\t\t\t<div class=\"elementor-post__card\">\n\t\t\t\t<a class=\"elementor-post__thumbnail__link\" href=\"https:\/\/perlatodo.com\/perla\/raspa-la-navidad-de-tus-suenos-blog-ganador\/\" tabindex=\"-1\" ><div class=\"elementor-post__thumbnail\"><img fetchpriority=\"high\" decoding=\"async\" width=\"1081\" height=\"1081\" src=\"https:\/\/perlatodo.com\/perla\/wp-content\/uploads\/2025\/10\/Raspa-la-Navidad-de-tus-Suenos-1080x1080-1.webp\" class=\"attachment-full size-full wp-image-5241\" alt=\"\" srcset=\"https:\/\/perlatodo.com\/perla\/wp-content\/uploads\/2025\/10\/Raspa-la-Navidad-de-tus-Suenos-1080x1080-1.webp 1081w, https:\/\/perlatodo.com\/perla\/wp-content\/uploads\/2025\/10\/Raspa-la-Navidad-de-tus-Suenos-1080x1080-1-300x300.webp 300w, https:\/\/perlatodo.com\/perla\/wp-content\/uploads\/2025\/10\/Raspa-la-Navidad-de-tus-Suenos-1080x1080-1-1024x1024.webp 1024w, https:\/\/perlatodo.com\/perla\/wp-content\/uploads\/2025\/10\/Raspa-la-Navidad-de-tus-Suenos-1080x1080-1-150x150.webp 150w, https:\/\/perlatodo.com\/perla\/wp-content\/uploads\/2025\/10\/Raspa-la-Navidad-de-tus-Suenos-1080x1080-1-768x768.webp 768w\" sizes=\"(max-width: 1081px) 100vw, 1081px\" \/><\/div><\/a>\n\t\t\t\t<div class=\"elementor-post__text\">\n\t\t\t\t<h2 class=\"elementor-post__title\">\n\t\t\t<a href=\"https:\/\/perlatodo.com\/perla\/raspa-la-navidad-de-tus-suenos-blog-ganador\/\" >\n\t\t\t\tRaspa la navidad de tus sue\u00f1os &#8211; blog &#8211; Ganador\t\t\t<\/a>\n\t\t<\/h2>\n\t\t\t\t<div class=\"elementor-post__excerpt\">\n\t\t\t<p>Raspa la navidad de tus sue\u00f1os Del\u00a01 de octubre al 31 de diciembre, los clientes que jugaron\u00a0Raspa y Listo de las emisiones Monedas de Oro y Feliz Navidad y depositaron sus tiquetes en buzones autorizados en puntos de venta La Perla con sus datos personales participaron en el sorteo. Los ganadores de la campa\u00f1a se llevaban: Electrom\u00e9tricos, premios navide\u00f1os y<\/p>\n\t\t<\/div>\n\t\t\n\t\t<a class=\"elementor-post__read-more\" href=\"https:\/\/perlatodo.com\/perla\/raspa-la-navidad-de-tus-suenos-blog-ganador\/\" aria-label=\"Read more about Raspa la navidad de tus sue\u00f1os &#8211; blog &#8211; Ganador\" tabindex=\"-1\" >\n\t\t\tLeer m\u00e1s \u00bb\t\t<\/a>\n\n\t\t\t\t<\/div>\n\t\t\t\t<div class=\"elementor-post__meta-data\">\n\t\t\t\t\t<span class=\"elementor-post-date\">\n\t\t\t27 enero, 2026\t\t<\/span>\n\t\t\t\t<\/div>\n\t\t\t\t\t<\/div>\n\t\t<\/article>\n\t\t\t\t<article class=\"elementor-post elementor-grid-item post-5309 post type-post status-publish format-standard has-post-thumbnail hentry category-blognew\" role=\"listitem\">\n\t\t\t<div class=\"elementor-post__card\">\n\t\t\t\t<a class=\"elementor-post__thumbnail__link\" href=\"https:\/\/perlatodo.com\/perla\/celebra-amor-y-amistad-como-billonarios-blog-ganador\/\" tabindex=\"-1\" ><div class=\"elementor-post__thumbnail\"><img decoding=\"async\" width=\"1080\" height=\"1080\" src=\"https:\/\/perlatodo.com\/perla\/wp-content\/uploads\/2025\/08\/Banner-cuadrado-amor-y-amistad.webp\" class=\"attachment-full size-full wp-image-4807\" alt=\"\" srcset=\"https:\/\/perlatodo.com\/perla\/wp-content\/uploads\/2025\/08\/Banner-cuadrado-amor-y-amistad.webp 1080w, https:\/\/perlatodo.com\/perla\/wp-content\/uploads\/2025\/08\/Banner-cuadrado-amor-y-amistad-300x300.webp 300w, https:\/\/perlatodo.com\/perla\/wp-content\/uploads\/2025\/08\/Banner-cuadrado-amor-y-amistad-1024x1024.webp 1024w, https:\/\/perlatodo.com\/perla\/wp-content\/uploads\/2025\/08\/Banner-cuadrado-amor-y-amistad-150x150.webp 150w, https:\/\/perlatodo.com\/perla\/wp-content\/uploads\/2025\/08\/Banner-cuadrado-amor-y-amistad-768x768.webp 768w\" sizes=\"(max-width: 1080px) 100vw, 1080px\" \/><\/div><\/a>\n\t\t\t\t<div class=\"elementor-post__text\">\n\t\t\t\t<h2 class=\"elementor-post__title\">\n\t\t\t<a href=\"https:\/\/perlatodo.com\/perla\/celebra-amor-y-amistad-como-billonarios-blog-ganador\/\" >\n\t\t\t\tCelebra amor y amistad como BILLONARIOS &#8211; blog &#8211; Ganador\t\t\t<\/a>\n\t\t<\/h2>\n\t\t\t\t<div class=\"elementor-post__excerpt\">\n\t\t\t<p>Celebra Amor y Amistad como Billonarios Del\u00a01 al 30 de septiembre, los clientes que jugaron\u00a0Billonario y Chance Millonario y registraron su \u00a0tiquete no ganador con sus datos personales en el formulario de www.perlatodo.com\u00a0participaron en nuestro\u00a0sorteo virtual. El ganador de la campa\u00f1a se lleva: Dos noches inolvidables para dos en un Glamping con vistas a las monta\u00f1as de Santander: incluye desayuno<\/p>\n\t\t<\/div>\n\t\t\n\t\t<a class=\"elementor-post__read-more\" href=\"https:\/\/perlatodo.com\/perla\/celebra-amor-y-amistad-como-billonarios-blog-ganador\/\" aria-label=\"Read more about Celebra amor y amistad como BILLONARIOS &#8211; blog &#8211; Ganador\" tabindex=\"-1\" >\n\t\t\tLeer m\u00e1s \u00bb\t\t<\/a>\n\n\t\t\t\t<\/div>\n\t\t\t\t<div class=\"elementor-post__meta-data\">\n\t\t\t\t\t<span class=\"elementor-post-date\">\n\t\t\t4 diciembre, 2025\t\t<\/span>\n\t\t\t\t<\/div>\n\t\t\t\t\t<\/div>\n\t\t<\/article>\n\t\t\t\t<article class=\"elementor-post elementor-grid-item post-5308 post type-post status-publish format-standard has-post-thumbnail hentry category-blognew\" role=\"listitem\">\n\t\t\t<div class=\"elementor-post__card\">\n\t\t\t\t<a class=\"elementor-post__thumbnail__link\" href=\"https:\/\/perlatodo.com\/perla\/re-juega-con-tu-suerte-blog-ganador\/\" tabindex=\"-1\" ><div class=\"elementor-post__thumbnail\"><img decoding=\"async\" width=\"1080\" height=\"1080\" src=\"https:\/\/perlatodo.com\/perla\/wp-content\/uploads\/2025\/07\/Banner-cuadrado-Re-juega-con-tu-suerte.webp\" class=\"attachment-full size-full wp-image-4693\" alt=\"\" srcset=\"https:\/\/perlatodo.com\/perla\/wp-content\/uploads\/2025\/07\/Banner-cuadrado-Re-juega-con-tu-suerte.webp 1080w, https:\/\/perlatodo.com\/perla\/wp-content\/uploads\/2025\/07\/Banner-cuadrado-Re-juega-con-tu-suerte-300x300.webp 300w, https:\/\/perlatodo.com\/perla\/wp-content\/uploads\/2025\/07\/Banner-cuadrado-Re-juega-con-tu-suerte-1024x1024.webp 1024w, https:\/\/perlatodo.com\/perla\/wp-content\/uploads\/2025\/07\/Banner-cuadrado-Re-juega-con-tu-suerte-150x150.webp 150w, https:\/\/perlatodo.com\/perla\/wp-content\/uploads\/2025\/07\/Banner-cuadrado-Re-juega-con-tu-suerte-768x768.webp 768w\" sizes=\"(max-width: 1080px) 100vw, 1080px\" \/><\/div><\/a>\n\t\t\t\t<div class=\"elementor-post__text\">\n\t\t\t\t<h2 class=\"elementor-post__title\">\n\t\t\t<a href=\"https:\/\/perlatodo.com\/perla\/re-juega-con-tu-suerte-blog-ganador\/\" >\n\t\t\t\tRE- JUEGA con tu suerte &#8211; blog &#8211; Ganador\t\t\t<\/a>\n\t\t<\/h2>\n\t\t\t\t<div class=\"elementor-post__excerpt\">\n\t\t\t<p>RE \u2013 JUEGA con tu suerte Del\u00a01 al 30 de septiembre, los clientes que jugaron\u00a0RE \u2013 JUEGA con tu suerte\u00a0 y registraron su tiquete no ganador con sus datos personales en el formulario de www.perlatodo.com\u00a0participaron en nuestro\u00a0sorteo virtual. El ganador de la campa\u00f1a se lleva: Un S\u00faper Combo Gamer:\u00a0PC Gamer Ryzen 5 5600GT, Monitor de 22 pulgadas HD, mouse y<\/p>\n\t\t<\/div>\n\t\t\n\t\t<a class=\"elementor-post__read-more\" href=\"https:\/\/perlatodo.com\/perla\/re-juega-con-tu-suerte-blog-ganador\/\" aria-label=\"Read more about RE- JUEGA con tu suerte &#8211; blog &#8211; Ganador\" tabindex=\"-1\" >\n\t\t\tLeer m\u00e1s \u00bb\t\t<\/a>\n\n\t\t\t\t<\/div>\n\t\t\t\t<div class=\"elementor-post__meta-data\">\n\t\t\t\t\t<span class=\"elementor-post-date\">\n\t\t\t4 diciembre, 2025\t\t<\/span>\n\t\t\t\t<\/div>\n\t\t\t\t\t<\/div>\n\t\t<\/article>\n\t\t\t\t<article class=\"elementor-post elementor-grid-item post-5307 post type-post status-publish format-standard has-post-thumbnail hentry category-blognew\" role=\"listitem\">\n\t\t\t<div class=\"elementor-post__card\">\n\t\t\t\t<a class=\"elementor-post__thumbnail__link\" href=\"https:\/\/perlatodo.com\/perla\/poder-de-recarga-blog-ganador\/\" tabindex=\"-1\" ><div class=\"elementor-post__thumbnail\"><img loading=\"lazy\" decoding=\"async\" width=\"1080\" height=\"1080\" src=\"https:\/\/perlatodo.com\/perla\/wp-content\/uploads\/2025\/07\/Banner-cuadrado-poder-de-recarga.webp\" class=\"attachment-full size-full wp-image-4669\" alt=\"\" srcset=\"https:\/\/perlatodo.com\/perla\/wp-content\/uploads\/2025\/07\/Banner-cuadrado-poder-de-recarga.webp 1080w, https:\/\/perlatodo.com\/perla\/wp-content\/uploads\/2025\/07\/Banner-cuadrado-poder-de-recarga-300x300.webp 300w, https:\/\/perlatodo.com\/perla\/wp-content\/uploads\/2025\/07\/Banner-cuadrado-poder-de-recarga-1024x1024.webp 1024w, https:\/\/perlatodo.com\/perla\/wp-content\/uploads\/2025\/07\/Banner-cuadrado-poder-de-recarga-150x150.webp 150w, https:\/\/perlatodo.com\/perla\/wp-content\/uploads\/2025\/07\/Banner-cuadrado-poder-de-recarga-768x768.webp 768w\" sizes=\"(max-width: 1080px) 100vw, 1080px\" \/><\/div><\/a>\n\t\t\t\t<div class=\"elementor-post__text\">\n\t\t\t\t<h2 class=\"elementor-post__title\">\n\t\t\t<a href=\"https:\/\/perlatodo.com\/perla\/poder-de-recarga-blog-ganador\/\" >\n\t\t\t\tPoder de recarga &#8211; blog &#8211; Ganador\t\t\t<\/a>\n\t\t<\/h2>\n\t\t\t\t<div class=\"elementor-post__excerpt\">\n\t\t\t<p>Poder de recarga Del\u00a01 al 30 de septiembre, los clientes que jugaron\u00a0Poder de recarga y registraron su tiquete no ganador con sus datos personales en el formulario de www.perlatodo.com\u00a0participaron en nuestro\u00a0sorteo virtual. El ganador de la campa\u00f1a se lleva: Bono de recarga por $500.000. Para participar, los clientes deb\u00edan registrar: Sus\u00a0datos personales: nombre completo, n\u00famero de c\u00e9dula, tel\u00e9fono celular, correo<\/p>\n\t\t<\/div>\n\t\t\n\t\t<a class=\"elementor-post__read-more\" href=\"https:\/\/perlatodo.com\/perla\/poder-de-recarga-blog-ganador\/\" aria-label=\"Read more about Poder de recarga &#8211; blog &#8211; Ganador\" tabindex=\"-1\" >\n\t\t\tLeer m\u00e1s \u00bb\t\t<\/a>\n\n\t\t\t\t<\/div>\n\t\t\t\t<div class=\"elementor-post__meta-data\">\n\t\t\t\t\t<span class=\"elementor-post-date\">\n\t\t\t4 diciembre, 2025\t\t<\/span>\n\t\t\t\t<\/div>\n\t\t\t\t\t<\/div>\n\t\t<\/article>\n\t\t\t\t<article class=\"elementor-post elementor-grid-item post-4649 post type-post status-publish format-standard has-post-thumbnail hentry category-blognew\" role=\"listitem\">\n\t\t\t<div class=\"elementor-post__card\">\n\t\t\t\t<a class=\"elementor-post__thumbnail__link\" href=\"https:\/\/perlatodo.com\/perla\/celebra-a-tu-super-mama-con-super-astro-y-la-perla\/\" tabindex=\"-1\" ><div class=\"elementor-post__thumbnail\"><img loading=\"lazy\" decoding=\"async\" width=\"1080\" height=\"1080\" src=\"https:\/\/perlatodo.com\/perla\/wp-content\/uploads\/2025\/06\/supermama.webp\" class=\"attachment-full size-full wp-image-4656\" alt=\"\" srcset=\"https:\/\/perlatodo.com\/perla\/wp-content\/uploads\/2025\/06\/supermama.webp 1080w, https:\/\/perlatodo.com\/perla\/wp-content\/uploads\/2025\/06\/supermama-300x300.webp 300w, https:\/\/perlatodo.com\/perla\/wp-content\/uploads\/2025\/06\/supermama-1024x1024.webp 1024w, https:\/\/perlatodo.com\/perla\/wp-content\/uploads\/2025\/06\/supermama-150x150.webp 150w, https:\/\/perlatodo.com\/perla\/wp-content\/uploads\/2025\/06\/supermama-768x768.webp 768w\" sizes=\"(max-width: 1080px) 100vw, 1080px\" \/><\/div><\/a>\n\t\t\t\t<div class=\"elementor-post__text\">\n\t\t\t\t<h2 class=\"elementor-post__title\">\n\t\t\t<a href=\"https:\/\/perlatodo.com\/perla\/celebra-a-tu-super-mama-con-super-astro-y-la-perla\/\" >\n\t\t\t\tCelebra a tu SUPER MAM\u00c1 con Super Astro y La Perla\t\t\t<\/a>\n\t\t<\/h2>\n\t\t\t\t<div class=\"elementor-post__excerpt\">\n\t\t\t<p>Celebra a tu SUPER MAM\u00c1 con Super Astro y La Perla Del\u00a05 de abril al 5 de mayo, los clientes que jugaron Super Astro\u00a0por un valor m\u00ednimo de\u00a0$2.000 y depositaron el tiquete no ganador con sus datos personales en los buzones ubicados en los puntos de venta autorizados de La Perla\u00a0participaron en nuestro\u00a0sorteo virtual. El ganador de la campa\u00f1a se<\/p>\n\t\t<\/div>\n\t\t\n\t\t<a class=\"elementor-post__read-more\" href=\"https:\/\/perlatodo.com\/perla\/celebra-a-tu-super-mama-con-super-astro-y-la-perla\/\" aria-label=\"Read more about Celebra a tu SUPER MAM\u00c1 con Super Astro y La Perla\" tabindex=\"-1\" >\n\t\t\tLeer m\u00e1s \u00bb\t\t<\/a>\n\n\t\t\t\t<\/div>\n\t\t\t\t<div class=\"elementor-post__meta-data\">\n\t\t\t\t\t<span class=\"elementor-post-date\">\n\t\t\t24 junio, 2025\t\t<\/span>\n\t\t\t\t<\/div>\n\t\t\t\t\t<\/div>\n\t\t<\/article>\n\t\t\t\t<article class=\"elementor-post elementor-grid-item post-4451 post type-post status-publish format-standard has-post-thumbnail hentry category-blognew\" role=\"listitem\">\n\t\t\t<div class=\"elementor-post__card\">\n\t\t\t\t<a class=\"elementor-post__thumbnail__link\" href=\"https:\/\/perlatodo.com\/perla\/merca-con-la-perla-resultados\/\" tabindex=\"-1\" ><div class=\"elementor-post__thumbnail\"><img loading=\"lazy\" decoding=\"async\" width=\"1080\" height=\"1080\" src=\"https:\/\/perlatodo.com\/perla\/wp-content\/uploads\/2025\/02\/Merca-con-La-Perla-redes.webp\" class=\"attachment-full size-full wp-image-3793\" alt=\"\" srcset=\"https:\/\/perlatodo.com\/perla\/wp-content\/uploads\/2025\/02\/Merca-con-La-Perla-redes.webp 1080w, https:\/\/perlatodo.com\/perla\/wp-content\/uploads\/2025\/02\/Merca-con-La-Perla-redes-300x300.webp 300w, https:\/\/perlatodo.com\/perla\/wp-content\/uploads\/2025\/02\/Merca-con-La-Perla-redes-1024x1024.webp 1024w, https:\/\/perlatodo.com\/perla\/wp-content\/uploads\/2025\/02\/Merca-con-La-Perla-redes-150x150.webp 150w, https:\/\/perlatodo.com\/perla\/wp-content\/uploads\/2025\/02\/Merca-con-La-Perla-redes-768x768.webp 768w\" sizes=\"(max-width: 1080px) 100vw, 1080px\" \/><\/div><\/a>\n\t\t\t\t<div class=\"elementor-post__text\">\n\t\t\t\t<h2 class=\"elementor-post__title\">\n\t\t\t<a href=\"https:\/\/perlatodo.com\/perla\/merca-con-la-perla-resultados\/\" >\n\t\t\t\tMerca con La Perla &#8211; Resultados\t\t\t<\/a>\n\t\t<\/h2>\n\t\t\t\t<div class=\"elementor-post__excerpt\">\n\t\t\t<p>Merca con La Perla Queremos premiar a todos nuestros clientes que realizaron alguna transacci\u00f3n (giros, recaudos o recargas a celular) entre el 7 de enero y el 31 de marzo de 2025. Si registraron el serial del tiquete en nuestra p\u00e1gina web perlatodo.com\/merca-con-la-perla, participaron en el sorteo virtual de 5 bonos de mercado por $500.000. Para participar correctamente, los clientes<\/p>\n\t\t<\/div>\n\t\t\n\t\t<a class=\"elementor-post__read-more\" href=\"https:\/\/perlatodo.com\/perla\/merca-con-la-perla-resultados\/\" aria-label=\"Read more about Merca con La Perla &#8211; Resultados\" tabindex=\"-1\" >\n\t\t\tLeer m\u00e1s \u00bb\t\t<\/a>\n\n\t\t\t\t<\/div>\n\t\t\t\t<div class=\"elementor-post__meta-data\">\n\t\t\t\t\t<span class=\"elementor-post-date\">\n\t\t\t9 mayo, 2025\t\t<\/span>\n\t\t\t\t<\/div>\n\t\t\t\t\t<\/div>\n\t\t<\/article>\n\t\t\t\t<\/div>\n\t\t\t\t\t<span class=\"e-load-more-spinner\">\n\t\t\t\t<i aria-hidden=\"true\" class=\"fas fa-spinner\"><\/i>\t\t\t<\/span>\n\t\t\n\t\t\t\t<div class=\"e-load-more-anchor\" data-page=\"1\" data-max-page=\"2\" data-next-page=\"https:\/\/perlatodo.com\/perla\/wp-json\/wp\/v2\/pages\/4433\/page\/2\/\"><\/div>\n\t\t\t\t<div class=\"e-load-more-message\"><\/div>\n\t\t\t\t\t\t<\/div>\n\t\t\t\t<\/div>\n\t\t\t\t\t<\/div>\n\t\t<\/div>\n\t\t\t\t\t<\/div>\n\t\t<\/section>\n\t\t\t\t\t<\/div>\n\t\t<\/div>\n\t\t\t\t\t<\/div>\n\t\t<\/section>\n\t\t\t\t<section data-particle_enable=\"false\" data-particle-mobile-disabled=\"false\" class=\"elementor-section elementor-top-section elementor-element elementor-element-96b6852 elementor-section-full_width elementor-section-height-default elementor-section-height-default\" data-id=\"96b6852\" data-element_type=\"section\" data-e-type=\"section\">\n\t\t\t\t\t\t<div class=\"elementor-container elementor-column-gap-no\">\n\t\t\t\t\t<div class=\"elementor-column elementor-col-100 elementor-top-column elementor-element elementor-element-044bf87\" data-id=\"044bf87\" data-element_type=\"column\" data-e-type=\"column\">\n\t\t\t<div class=\"elementor-widget-wrap elementor-element-populated\">\n\t\t\t\t\t\t<div class=\"elementor-element elementor-element-8a29cf5 elementor-widget elementor-widget-google_maps\" data-id=\"8a29cf5\" data-element_type=\"widget\" data-e-type=\"widget\" data-widget_type=\"google_maps.default\">\n\t\t\t\t<div class=\"elementor-widget-container\">\n\t\t\t\t\t\t\t<div class=\"elementor-custom-embed\">\n\t\t\t<iframe loading=\"lazy\"\n\t\t\t\t\tsrc=\"https:\/\/maps.google.com\/maps?q=juegos%20y%20apuestas%20la%20perla%2C%20bucaramanga%2C%20santander&#038;t=m&#038;z=15&#038;output=embed&#038;iwloc=near\"\n\t\t\t\t\ttitle=\"juegos y apuestas la perla, bucaramanga, santander\"\n\t\t\t\t\taria-label=\"juegos y apuestas la perla, bucaramanga, santander\"\n\t\t\t><\/iframe>\n\t\t<\/div>\n\t\t\t\t\t\t<\/div>\n\t\t\t\t<\/div>\n\t\t\t\t\t<\/div>\n\t\t<\/div>\n\t\t\t\t\t<\/div>\n\t\t<\/section>\n\t\t\t\t<section data-particle_enable=\"false\" data-particle-mobile-disabled=\"false\" class=\"elementor-section elementor-top-section elementor-element elementor-element-38eef65 elementor-section-full_width elementor-section-height-min-height elementor-section-stretched elementor-section-height-default elementor-section-items-middle\" data-id=\"38eef65\" data-element_type=\"section\" data-e-type=\"section\" data-settings=\"{&quot;stretch_section&quot;:&quot;section-stretched&quot;,&quot;background_background&quot;:&quot;classic&quot;}\">\n\t\t\t\t\t\t\t<div class=\"elementor-background-overlay\"><\/div>\n\t\t\t\t\t\t\t<div class=\"elementor-container elementor-column-gap-no\">\n\t\t\t\t\t<div class=\"elementor-column elementor-col-100 elementor-top-column elementor-element elementor-element-556dbe2\" data-id=\"556dbe2\" data-element_type=\"column\" data-e-type=\"column\">\n\t\t\t<div class=\"elementor-widget-wrap elementor-element-populated\">\n\t\t\t\t\t\t<section data-particle_enable=\"false\" data-particle-mobile-disabled=\"false\" class=\"elementor-section elementor-inner-section elementor-element elementor-element-190e78e elementor-section-boxed elementor-section-height-default elementor-section-height-default\" data-id=\"190e78e\" data-element_type=\"section\" data-e-type=\"section\">\n\t\t\t\t\t\t<div class=\"elementor-container elementor-column-gap-default\">\n\t\t\t\t\t<div class=\"elementor-column elementor-col-100 elementor-inner-column elementor-element elementor-element-cf81950\" data-id=\"cf81950\" data-element_type=\"column\" data-e-type=\"column\">\n\t\t\t<div class=\"elementor-widget-wrap elementor-element-populated\">\n\t\t\t\t\t\t<div class=\"elementor-element elementor-element-bc4cadb elementor-widget elementor-widget-image\" data-id=\"bc4cadb\" data-element_type=\"widget\" data-e-type=\"widget\" data-widget_type=\"image.default\">\n\t\t\t\t<div class=\"elementor-widget-container\">\n\t\t\t\t\t\t\t\t\t\t\t\t\t\t\t<img loading=\"lazy\" decoding=\"async\" width=\"800\" height=\"410\" src=\"https:\/\/perlatodo.com\/perla\/wp-content\/uploads\/2024\/02\/pie_empresa.webp\" class=\"attachment-full size-full wp-image-815\" alt=\"\" srcset=\"https:\/\/perlatodo.com\/perla\/wp-content\/uploads\/2024\/02\/pie_empresa.webp 800w, https:\/\/perlatodo.com\/perla\/wp-content\/uploads\/2024\/02\/pie_empresa-300x154.webp 300w, https:\/\/perlatodo.com\/perla\/wp-content\/uploads\/2024\/02\/pie_empresa-768x394.webp 768w\" sizes=\"(max-width: 800px) 100vw, 800px\" \/>\t\t\t\t\t\t\t\t\t\t\t\t\t\t\t<\/div>\n\t\t\t\t<\/div>\n\t\t\t\t\t<\/div>\n\t\t<\/div>\n\t\t\t\t\t<\/div>\n\t\t<\/section>\n\t\t\t\t\t<\/div>\n\t\t<\/div>\n\t\t\t\t\t<\/div>\n\t\t<\/section>\n\t\t\t\t<\/div>\n\t\t","protected":false},"excerpt":{"rendered":"<p>Blog<\/p>\n","protected":false},"author":1,"featured_media":0,"parent":0,"menu_order":0,"comment_status":"closed","ping_status":"closed","template":"elementor_header_footer","meta":{"footnotes":""},"class_list":["post-4433","page","type-page","status-publish","hentry"],"_links":{"self":[{"href":"https:\/\/perlatodo.com\/perla\/wp-json\/wp\/v2\/pages\/4433","targetHints":{"allow":["GET"]}}],"collection":[{"href":"https:\/\/perlatodo.com\/perla\/wp-json\/wp\/v2\/pages"}],"about":[{"href":"https:\/\/perlatodo.com\/perla\/wp-json\/wp\/v2\/types\/page"}],"author":[{"embeddable":true,"href":"https:\/\/perlatodo.com\/perla\/wp-json\/wp\/v2\/users\/1"}],"replies":[{"embeddable":true,"href":"https:\/\/perlatodo.com\/perla\/wp-json\/wp\/v2\/comments?post=4433"}],"version-history":[{"count":0,"href":"https:\/\/perlatodo.com\/perla\/wp-json\/wp\/v2\/pages\/4433\/revisions"}],"wp:attachment":[{"href":"https:\/\/perlatodo.com\/perla\/wp-json\/wp\/v2\/media?parent=4433"}],"curies":[{"name":"wp","href":"https:\/\/api.w.org\/{rel}","templated":true}]}}