{"id":2067,"date":"2024-02-25T22:21:42","date_gmt":"2024-02-26T03:21:42","guid":{"rendered":"https:\/\/perlatodo.com\/perla\/?page_id=2067"},"modified":"2024-02-27T09:52:21","modified_gmt":"2024-02-27T14:52:21","slug":"mega-chance","status":"publish","type":"page","link":"https:\/\/perlatodo.com\/perla\/mega-chance\/","title":{"rendered":"Mega Chance"},"content":{"rendered":"\t\t<div data-elementor-type=\"wp-page\" data-elementor-id=\"2067\" class=\"elementor elementor-2067\" data-elementor-post-type=\"page\">\n\t\t\t\t\t\t<section data-particle_enable=\"false\" data-particle-mobile-disabled=\"false\" class=\"elementor-section elementor-top-section elementor-element elementor-element-b8b7637 elementor-section-full_width elementor-section-height-min-height elementor-section-stretched elementor-section-height-default elementor-section-items-middle\" data-id=\"b8b7637\" data-element_type=\"section\" data-e-type=\"section\" data-settings=\"{&quot;stretch_section&quot;:&quot;section-stretched&quot;,&quot;background_background&quot;:&quot;classic&quot;}\">\n\t\t\t\t\t\t\t<div class=\"elementor-background-overlay\"><\/div>\n\t\t\t\t\t\t\t<div class=\"elementor-container elementor-column-gap-no\">\n\t\t\t\t\t<div class=\"elementor-column elementor-col-100 elementor-top-column elementor-element elementor-element-3dcbd7b\" data-id=\"3dcbd7b\" data-element_type=\"column\" data-e-type=\"column\">\n\t\t\t<div class=\"elementor-widget-wrap elementor-element-populated\">\n\t\t\t\t\t\t<section data-particle_enable=\"false\" data-particle-mobile-disabled=\"false\" class=\"elementor-section elementor-inner-section elementor-element elementor-element-7b33351 elementor-section-boxed elementor-section-height-default elementor-section-height-default\" data-id=\"7b33351\" data-element_type=\"section\" data-e-type=\"section\">\n\t\t\t\t\t\t<div class=\"elementor-container elementor-column-gap-default\">\n\t\t\t\t\t<div class=\"elementor-column elementor-col-50 elementor-inner-column elementor-element elementor-element-dc4aa0d\" data-id=\"dc4aa0d\" data-element_type=\"column\" data-e-type=\"column\">\n\t\t\t<div class=\"elementor-widget-wrap elementor-element-populated\">\n\t\t\t\t\t\t<div class=\"elementor-element elementor-element-c8fa7f3 elementor-widget elementor-widget-heading\" data-id=\"c8fa7f3\" data-element_type=\"widget\" data-e-type=\"widget\" data-widget_type=\"heading.default\">\n\t\t\t\t<div class=\"elementor-widget-container\">\n\t\t\t\t\t<h2 class=\"elementor-heading-title elementor-size-default\">Mega Chance<br> La Perla <\/h2>\t\t\t\t<\/div>\n\t\t\t\t<\/div>\n\t\t\t\t\t<\/div>\n\t\t<\/div>\n\t\t\t\t<div class=\"elementor-column elementor-col-50 elementor-inner-column elementor-element elementor-element-399d3c4\" data-id=\"399d3c4\" data-element_type=\"column\" data-e-type=\"column\">\n\t\t\t<div class=\"elementor-widget-wrap\">\n\t\t\t\t\t\t\t<\/div>\n\t\t<\/div>\n\t\t\t\t\t<\/div>\n\t\t<\/section>\n\t\t\t\t\t<\/div>\n\t\t<\/div>\n\t\t\t\t\t<\/div>\n\t\t<\/section>\n\t\t\t\t<section data-particle_enable=\"false\" data-particle-mobile-disabled=\"false\" class=\"elementor-section elementor-top-section elementor-element elementor-element-fc2bdd6 elementor-section-stretched elementor-section-boxed elementor-section-height-default elementor-section-height-default\" data-id=\"fc2bdd6\" data-element_type=\"section\" data-e-type=\"section\" data-settings=\"{&quot;stretch_section&quot;:&quot;section-stretched&quot;}\">\n\t\t\t\t\t\t<div class=\"elementor-container elementor-column-gap-default\">\n\t\t\t\t\t<div class=\"elementor-column elementor-col-100 elementor-top-column elementor-element elementor-element-b00f1c3\" data-id=\"b00f1c3\" data-element_type=\"column\" data-e-type=\"column\">\n\t\t\t<div class=\"elementor-widget-wrap elementor-element-populated\">\n\t\t\t\t\t\t<div class=\"elementor-element elementor-element-44f42e5 elementor-widget elementor-widget-image\" data-id=\"44f42e5\" data-element_type=\"widget\" data-e-type=\"widget\" data-widget_type=\"image.default\">\n\t\t\t\t<div class=\"elementor-widget-container\">\n\t\t\t\t\t\t\t\t\t\t\t\t\t\t\t<img fetchpriority=\"high\" decoding=\"async\" width=\"332\" height=\"272\" src=\"https:\/\/perlatodo.com\/perla\/wp-content\/uploads\/2024\/02\/megachance-logo.webp\" class=\"attachment-full size-full wp-image-2069\" alt=\"\" srcset=\"https:\/\/perlatodo.com\/perla\/wp-content\/uploads\/2024\/02\/megachance-logo.webp 332w, https:\/\/perlatodo.com\/perla\/wp-content\/uploads\/2024\/02\/megachance-logo-300x246.webp 300w\" sizes=\"(max-width: 332px) 100vw, 332px\" \/>\t\t\t\t\t\t\t\t\t\t\t\t\t\t\t<\/div>\n\t\t\t\t<\/div>\n\t\t\t\t<div class=\"elementor-element elementor-element-a2a2ec2 elementor-widget elementor-widget-text-editor\" data-id=\"a2a2ec2\" data-element_type=\"widget\" data-e-type=\"widget\" data-widget_type=\"text-editor.default\">\n\t\t\t\t<div class=\"elementor-widget-container\">\n\t\t\t\t\t\t\t\t\t<p class=\"big\"><strong>MEGACHANCE<\/strong> es la denominaci\u00f3n comercial para el doble acierto acumulado autorizado por el Decreto 176 de 2016.<\/p><p>El apostador selecciona cinco (5) n\u00fameros de tres (3) cifras, con la expectativa de que dos (2) de los n\u00fameros elegidos coincidan con el resultado del premio mayor de dos (2) loter\u00edas tradicionales; o con el resultado de dos (2) juegos autorizados o con el resultado del premio mayor de una loter\u00eda tradicional y el resultado de un juego autorizado, que jueguen el mismo d\u00eda. En el juego de chance con doble acierto de premio acumulado, cuando en un mismo ciclo diario de juego, varios jugadores seleccionen las combinaciones ganadoras, el premio se distribuir\u00e1 en partes iguales entre los ganadores. De acuerdo al Decreto 176 de 2016, en MEGACHANCE de tres cifras se premiar\u00e1n las siguientes combinaciones:<\/p><p>\u00a0<\/p><p>a) El jugador ganar\u00e1 el premio acumulado de Doble Acierto de tres (3) cifras, cuando uno o dos de los cinco (5) n\u00fameros de tres (3) cifras consignados en el formulario coincida con las tres \u00faltimas cifras de los resultados del premio mayor de las loter\u00edas o juegos autorizados se\u00f1alados por el jugador. En caso de resultar m\u00e1s de un ganador para el Doble Acierto acumulado de tres (3) cifras del juego del d\u00eda, el premio se dividir\u00e1 por partes iguales entre los ganadores.<\/p><p>\u00a0<\/p><p>b) Cuando alguno de los cinco (5) n\u00fameros de tres (3) cifras consignados en el formulario coincida \u00fanicamente con el resultado del premio mayor de una (1) de las dos (2) loter\u00edas o juegos autorizados se\u00f1alados por el jugador, el operador le pagar\u00e1 a \u00e9ste un premio m\u00ednimo equivalente a trescientos pesos ($300) por cada peso apostado, calculado sobre el valor apostado a cada n\u00famero.\u201d<\/p><p>\u00a0<\/p><p>Si no hay premio, el acumulado crecer\u00e1.<\/p>\t\t\t\t\t\t\t\t<\/div>\n\t\t\t\t<\/div>\n\t\t\t\t\t<\/div>\n\t\t<\/div>\n\t\t\t\t\t<\/div>\n\t\t<\/section>\n\t\t\t\t<section data-particle_enable=\"false\" data-particle-mobile-disabled=\"false\" class=\"elementor-section elementor-top-section elementor-element elementor-element-8e9a8a2 elementor-section-boxed elementor-section-height-default elementor-section-height-default\" data-id=\"8e9a8a2\" data-element_type=\"section\" data-e-type=\"section\">\n\t\t\t\t\t\t<div class=\"elementor-container elementor-column-gap-default\">\n\t\t\t\t\t<div class=\"elementor-column elementor-col-100 elementor-top-column elementor-element elementor-element-4eed7c1\" data-id=\"4eed7c1\" data-element_type=\"column\" data-e-type=\"column\">\n\t\t\t<div class=\"elementor-widget-wrap elementor-element-populated\">\n\t\t\t\t\t\t<div class=\"elementor-element elementor-element-769b8ea elementor-widget elementor-widget-image\" data-id=\"769b8ea\" data-element_type=\"widget\" data-e-type=\"widget\" data-widget_type=\"image.default\">\n\t\t\t\t<div class=\"elementor-widget-container\">\n\t\t\t\t\t\t\t\t\t\t\t\t\t\t\t<img decoding=\"async\" width=\"800\" height=\"800\" src=\"https:\/\/perlatodo.com\/perla\/wp-content\/uploads\/2024\/02\/megachance-laperla-1-1024x1024.webp\" class=\"attachment-large size-large wp-image-2070\" alt=\"\" srcset=\"https:\/\/perlatodo.com\/perla\/wp-content\/uploads\/2024\/02\/megachance-laperla-1-1024x1024.webp 1024w, https:\/\/perlatodo.com\/perla\/wp-content\/uploads\/2024\/02\/megachance-laperla-1-300x300.webp 300w, https:\/\/perlatodo.com\/perla\/wp-content\/uploads\/2024\/02\/megachance-laperla-1-150x150.webp 150w, https:\/\/perlatodo.com\/perla\/wp-content\/uploads\/2024\/02\/megachance-laperla-1-768x768.webp 768w, https:\/\/perlatodo.com\/perla\/wp-content\/uploads\/2024\/02\/megachance-laperla-1.webp 1080w\" sizes=\"(max-width: 800px) 100vw, 800px\" \/>\t\t\t\t\t\t\t\t\t\t\t\t\t\t\t<\/div>\n\t\t\t\t<\/div>\n\t\t\t\t\t<\/div>\n\t\t<\/div>\n\t\t\t\t\t<\/div>\n\t\t<\/section>\n\t\t\t\t<section data-particle_enable=\"false\" data-particle-mobile-disabled=\"false\" class=\"elementor-section elementor-top-section elementor-element elementor-element-38eef65 elementor-section-full_width elementor-section-height-min-height elementor-section-stretched elementor-section-height-default elementor-section-items-middle\" data-id=\"38eef65\" data-element_type=\"section\" data-e-type=\"section\" data-settings=\"{&quot;stretch_section&quot;:&quot;section-stretched&quot;,&quot;background_background&quot;:&quot;classic&quot;}\">\n\t\t\t\t\t\t\t<div class=\"elementor-background-overlay\"><\/div>\n\t\t\t\t\t\t\t<div class=\"elementor-container elementor-column-gap-no\">\n\t\t\t\t\t<div class=\"elementor-column elementor-col-100 elementor-top-column elementor-element elementor-element-556dbe2\" data-id=\"556dbe2\" data-element_type=\"column\" data-e-type=\"column\">\n\t\t\t<div class=\"elementor-widget-wrap elementor-element-populated\">\n\t\t\t\t\t\t<section data-particle_enable=\"false\" data-particle-mobile-disabled=\"false\" class=\"elementor-section elementor-inner-section elementor-element elementor-element-190e78e elementor-section-boxed elementor-section-height-default elementor-section-height-default\" data-id=\"190e78e\" data-element_type=\"section\" data-e-type=\"section\">\n\t\t\t\t\t\t<div class=\"elementor-container elementor-column-gap-default\">\n\t\t\t\t\t<div class=\"elementor-column elementor-col-100 elementor-inner-column elementor-element elementor-element-cf81950\" data-id=\"cf81950\" data-element_type=\"column\" data-e-type=\"column\">\n\t\t\t<div class=\"elementor-widget-wrap elementor-element-populated\">\n\t\t\t\t\t\t<div class=\"elementor-element elementor-element-bc4cadb elementor-widget elementor-widget-image\" data-id=\"bc4cadb\" data-element_type=\"widget\" data-e-type=\"widget\" data-widget_type=\"image.default\">\n\t\t\t\t<div class=\"elementor-widget-container\">\n\t\t\t\t\t\t\t\t\t\t\t\t\t\t\t<img decoding=\"async\" width=\"800\" height=\"341\" src=\"https:\/\/perlatodo.com\/perla\/wp-content\/uploads\/2024\/02\/img-piebetplay.webp\" class=\"attachment-full size-full wp-image-707\" alt=\"\" srcset=\"https:\/\/perlatodo.com\/perla\/wp-content\/uploads\/2024\/02\/img-piebetplay.webp 800w, https:\/\/perlatodo.com\/perla\/wp-content\/uploads\/2024\/02\/img-piebetplay-300x128.webp 300w, https:\/\/perlatodo.com\/perla\/wp-content\/uploads\/2024\/02\/img-piebetplay-768x327.webp 768w\" sizes=\"(max-width: 800px) 100vw, 800px\" \/>\t\t\t\t\t\t\t\t\t\t\t\t\t\t\t<\/div>\n\t\t\t\t<\/div>\n\t\t\t\t\t<\/div>\n\t\t<\/div>\n\t\t\t\t\t<\/div>\n\t\t<\/section>\n\t\t\t\t\t<\/div>\n\t\t<\/div>\n\t\t\t\t\t<\/div>\n\t\t<\/section>\n\t\t\t\t<\/div>\n\t\t","protected":false},"excerpt":{"rendered":"<p>Mega Chance La Perla MEGACHANCE es la denominaci\u00f3n comercial para el doble acierto acumulado autorizado por el Decreto 176 de 2016. El apostador selecciona cinco (5) n\u00fameros de tres (3) cifras, con la expectativa de que dos (2) de los n\u00fameros elegidos coincidan con el resultado del premio mayor de dos (2) loter\u00edas tradicionales; o [&hellip;]<\/p>\n","protected":false},"author":1,"featured_media":0,"parent":0,"menu_order":0,"comment_status":"closed","ping_status":"closed","template":"elementor_header_footer","meta":{"footnotes":""},"class_list":["post-2067","page","type-page","status-publish","hentry"],"_links":{"self":[{"href":"https:\/\/perlatodo.com\/perla\/wp-json\/wp\/v2\/pages\/2067","targetHints":{"allow":["GET"]}}],"collection":[{"href":"https:\/\/perlatodo.com\/perla\/wp-json\/wp\/v2\/pages"}],"about":[{"href":"https:\/\/perlatodo.com\/perla\/wp-json\/wp\/v2\/types\/page"}],"author":[{"embeddable":true,"href":"https:\/\/perlatodo.com\/perla\/wp-json\/wp\/v2\/users\/1"}],"replies":[{"embeddable":true,"href":"https:\/\/perlatodo.com\/perla\/wp-json\/wp\/v2\/comments?post=2067"}],"version-history":[{"count":0,"href":"https:\/\/perlatodo.com\/perla\/wp-json\/wp\/v2\/pages\/2067\/revisions"}],"wp:attachment":[{"href":"https:\/\/perlatodo.com\/perla\/wp-json\/wp\/v2\/media?parent=2067"}],"curies":[{"name":"wp","href":"https:\/\/api.w.org\/{rel}","templated":true}]}}