{"id":2054,"date":"2024-02-25T22:13:08","date_gmt":"2024-02-26T03:13:08","guid":{"rendered":"https:\/\/perlatodo.com\/perla\/?page_id=2054"},"modified":"2025-05-12T11:28:24","modified_gmt":"2025-05-12T16:28:24","slug":"la-patota","status":"publish","type":"page","link":"https:\/\/perlatodo.com\/perla\/la-patota\/","title":{"rendered":"La Patota"},"content":{"rendered":"\t\t<div data-elementor-type=\"wp-page\" data-elementor-id=\"2054\" class=\"elementor elementor-2054\" data-elementor-post-type=\"page\">\n\t\t\t\t\t\t<section data-particle_enable=\"false\" data-particle-mobile-disabled=\"false\" class=\"elementor-section elementor-top-section elementor-element elementor-element-b8b7637 elementor-section-full_width elementor-section-height-min-height elementor-section-stretched elementor-section-height-default elementor-section-items-middle\" data-id=\"b8b7637\" data-element_type=\"section\" data-e-type=\"section\" data-settings=\"{&quot;stretch_section&quot;:&quot;section-stretched&quot;,&quot;background_background&quot;:&quot;classic&quot;}\">\n\t\t\t\t\t\t\t<div class=\"elementor-background-overlay\"><\/div>\n\t\t\t\t\t\t\t<div class=\"elementor-container elementor-column-gap-no\">\n\t\t\t\t\t<div class=\"elementor-column elementor-col-100 elementor-top-column elementor-element elementor-element-3dcbd7b\" data-id=\"3dcbd7b\" data-element_type=\"column\" data-e-type=\"column\">\n\t\t\t<div class=\"elementor-widget-wrap elementor-element-populated\">\n\t\t\t\t\t\t<section data-particle_enable=\"false\" data-particle-mobile-disabled=\"false\" class=\"elementor-section elementor-inner-section elementor-element elementor-element-7b33351 elementor-section-boxed elementor-section-height-default elementor-section-height-default\" data-id=\"7b33351\" data-element_type=\"section\" data-e-type=\"section\">\n\t\t\t\t\t\t<div class=\"elementor-container elementor-column-gap-default\">\n\t\t\t\t\t<div class=\"elementor-column elementor-col-50 elementor-inner-column elementor-element elementor-element-366deb2\" data-id=\"366deb2\" data-element_type=\"column\" data-e-type=\"column\">\n\t\t\t<div class=\"elementor-widget-wrap elementor-element-populated\">\n\t\t\t\t\t\t<div class=\"elementor-element elementor-element-576b3d5 elementor-widget elementor-widget-heading\" data-id=\"576b3d5\" data-element_type=\"widget\" data-e-type=\"widget\" data-widget_type=\"heading.default\">\n\t\t\t\t<div class=\"elementor-widget-container\">\n\t\t\t\t\t<h2 class=\"elementor-heading-title elementor-size-default\">La Patota La Perla<\/h2>\t\t\t\t<\/div>\n\t\t\t\t<\/div>\n\t\t\t\t\t<\/div>\n\t\t<\/div>\n\t\t\t\t<div class=\"elementor-column elementor-col-50 elementor-inner-column elementor-element elementor-element-399d3c4\" data-id=\"399d3c4\" data-element_type=\"column\" data-e-type=\"column\">\n\t\t\t<div class=\"elementor-widget-wrap\">\n\t\t\t\t\t\t\t<\/div>\n\t\t<\/div>\n\t\t\t\t\t<\/div>\n\t\t<\/section>\n\t\t\t\t\t<\/div>\n\t\t<\/div>\n\t\t\t\t\t<\/div>\n\t\t<\/section>\n\t\t\t\t<section data-particle_enable=\"false\" data-particle-mobile-disabled=\"false\" class=\"elementor-section elementor-top-section elementor-element elementor-element-fc2bdd6 elementor-section-stretched elementor-section-boxed elementor-section-height-default elementor-section-height-default\" data-id=\"fc2bdd6\" data-element_type=\"section\" data-e-type=\"section\" data-settings=\"{&quot;stretch_section&quot;:&quot;section-stretched&quot;}\">\n\t\t\t\t\t\t<div class=\"elementor-container elementor-column-gap-default\">\n\t\t\t\t\t<div class=\"elementor-column elementor-col-100 elementor-top-column elementor-element elementor-element-b00f1c3\" data-id=\"b00f1c3\" data-element_type=\"column\" data-e-type=\"column\">\n\t\t\t<div class=\"elementor-widget-wrap elementor-element-populated\">\n\t\t\t\t\t\t<div class=\"elementor-element elementor-element-44f42e5 elementor-widget elementor-widget-image\" data-id=\"44f42e5\" data-element_type=\"widget\" data-e-type=\"widget\" data-widget_type=\"image.default\">\n\t\t\t\t<div class=\"elementor-widget-container\">\n\t\t\t\t\t\t\t\t\t\t\t\t\t\t\t<img fetchpriority=\"high\" decoding=\"async\" width=\"300\" height=\"198\" src=\"https:\/\/perlatodo.com\/perla\/wp-content\/uploads\/2024\/02\/lapatota-logo.webp\" class=\"attachment-full size-full wp-image-2057\" alt=\"\" \/>\t\t\t\t\t\t\t\t\t\t\t\t\t\t\t<\/div>\n\t\t\t\t<\/div>\n\t\t\t\t<div class=\"elementor-element elementor-element-a2a2ec2 elementor-widget elementor-widget-text-editor\" data-id=\"a2a2ec2\" data-element_type=\"widget\" data-e-type=\"widget\" data-widget_type=\"text-editor.default\">\n\t\t\t\t<div class=\"elementor-widget-container\">\n\t\t\t\t\t\t\t\t\t<p style=\"text-align: center;\">La Patota es el nombre comercial del incentivo con cobro denominado \u201cLa Tripleta\u201d, autorizado mediante el Contrato No. 054 de 2024 por la Loter\u00eda Santander, conforme a lo establecido en la Resoluci\u00f3n No. 106 de 2025.<\/p><p style=\"text-align: center;\">Este incentivo permite que, luego de realizar su apuesta principal, el apostador seleccione tres (3) n\u00fameros de dos (2) cifras, asociados a tres sorteos de loter\u00eda tradicional o juegos autorizados que deben efectuarse el mismo d\u00eda. Adem\u00e1s, el jugador debe indicar con cu\u00e1l resultado se validar\u00e1 cada uno de los n\u00fameros seleccionados.<\/p><p style=\"text-align: center;\">El valor de la apuesta para este incentivo var\u00eda entre $2.000 y $10.000. En caso de acierto, el jugador recibir\u00e1 un premio de acuerdo con el siguiente plan:<\/p><p style=\"text-align: center;\">Por el acierto de un (1) n\u00famero de dos (2) cifras con el resultado de las dos \u00faltimas cifras en su orden del juego autorizado o loter\u00eda seleccionada por el jugador, ganar\u00e1 siete (7) veces el valor apostado.<br \/>Por el acierto de dos (2) de los tres (3) n\u00fameros de dos (2) cifras seleccionados por el jugador con los resultados de las dos \u00faltimas cifras de dos (2) de los juegos autorizados o loter\u00edas seleccionados por el jugador en orden, ganar\u00e1 doscientas cincuenta (250) veces el valor apostado.<br \/>Por el acierto de los tres (3) n\u00fameros de dos (2) cifras seleccionados por el jugador con los resultados de las dos \u00faltimas cifras en su orden de los juegos autorizados o loter\u00edas seleccionados por el jugador en diferentes \u00f3rdenes, ganar\u00e1 quince mil trescientas veintis\u00e9is (15.326) veces el valor apostado.<br \/>Por el acierto de los tres n\u00fameros de dos (2) cifras con los correspondientes resultados de las dos \u00faltimas cifras de los juegos autorizados o loter\u00edas seleccionados por el jugador, ganar\u00e1 setenta y ocho mil trescientas (78.300) veces el valor apostado.<\/p>\t\t\t\t\t\t\t\t<\/div>\n\t\t\t\t<\/div>\n\t\t\t\t\t<\/div>\n\t\t<\/div>\n\t\t\t\t\t<\/div>\n\t\t<\/section>\n\t\t\t\t<section data-particle_enable=\"false\" data-particle-mobile-disabled=\"false\" class=\"elementor-section elementor-top-section elementor-element elementor-element-8e9a8a2 elementor-section-boxed elementor-section-height-default elementor-section-height-default\" data-id=\"8e9a8a2\" data-element_type=\"section\" data-e-type=\"section\">\n\t\t\t\t\t\t<div class=\"elementor-container elementor-column-gap-default\">\n\t\t\t\t\t<div class=\"elementor-column elementor-col-100 elementor-top-column elementor-element elementor-element-4eed7c1\" data-id=\"4eed7c1\" data-element_type=\"column\" data-e-type=\"column\">\n\t\t\t<div class=\"elementor-widget-wrap elementor-element-populated\">\n\t\t\t\t\t\t<div class=\"elementor-element elementor-element-769b8ea elementor-widget elementor-widget-image\" data-id=\"769b8ea\" data-element_type=\"widget\" data-e-type=\"widget\" data-widget_type=\"image.default\">\n\t\t\t\t<div class=\"elementor-widget-container\">\n\t\t\t\t\t\t\t\t\t\t\t\t\t\t\t<img decoding=\"async\" width=\"690\" height=\"1024\" src=\"https:\/\/perlatodo.com\/perla\/wp-content\/uploads\/2024\/02\/planpremioslapatota-690x1024.webp\" class=\"attachment-large size-large wp-image-2056\" alt=\"\" srcset=\"https:\/\/perlatodo.com\/perla\/wp-content\/uploads\/2024\/02\/planpremioslapatota-690x1024.webp 690w, https:\/\/perlatodo.com\/perla\/wp-content\/uploads\/2024\/02\/planpremioslapatota-202x300.webp 202w, https:\/\/perlatodo.com\/perla\/wp-content\/uploads\/2024\/02\/planpremioslapatota-768x1140.webp 768w, https:\/\/perlatodo.com\/perla\/wp-content\/uploads\/2024\/02\/planpremioslapatota.webp 1000w\" sizes=\"(max-width: 690px) 100vw, 690px\" \/>\t\t\t\t\t\t\t\t\t\t\t\t\t\t\t<\/div>\n\t\t\t\t<\/div>\n\t\t\t\t\t<\/div>\n\t\t<\/div>\n\t\t\t\t\t<\/div>\n\t\t<\/section>\n\t\t\t\t<section data-particle_enable=\"false\" data-particle-mobile-disabled=\"false\" class=\"elementor-section elementor-top-section elementor-element elementor-element-38eef65 elementor-section-full_width elementor-section-height-min-height elementor-section-stretched elementor-section-height-default elementor-section-items-middle\" data-id=\"38eef65\" data-element_type=\"section\" data-e-type=\"section\" data-settings=\"{&quot;stretch_section&quot;:&quot;section-stretched&quot;,&quot;background_background&quot;:&quot;classic&quot;}\">\n\t\t\t\t\t\t\t<div class=\"elementor-background-overlay\"><\/div>\n\t\t\t\t\t\t\t<div class=\"elementor-container elementor-column-gap-no\">\n\t\t\t\t\t<div class=\"elementor-column elementor-col-100 elementor-top-column elementor-element elementor-element-556dbe2\" data-id=\"556dbe2\" data-element_type=\"column\" data-e-type=\"column\">\n\t\t\t<div class=\"elementor-widget-wrap elementor-element-populated\">\n\t\t\t\t\t\t<section data-particle_enable=\"false\" data-particle-mobile-disabled=\"false\" class=\"elementor-section elementor-inner-section elementor-element elementor-element-190e78e elementor-section-boxed elementor-section-height-default elementor-section-height-default\" data-id=\"190e78e\" data-element_type=\"section\" data-e-type=\"section\">\n\t\t\t\t\t\t<div class=\"elementor-container elementor-column-gap-default\">\n\t\t\t\t\t<div class=\"elementor-column elementor-col-100 elementor-inner-column elementor-element elementor-element-cf81950\" data-id=\"cf81950\" data-element_type=\"column\" data-e-type=\"column\">\n\t\t\t<div class=\"elementor-widget-wrap elementor-element-populated\">\n\t\t\t\t\t\t<div class=\"elementor-element elementor-element-bc4cadb elementor-widget elementor-widget-image\" data-id=\"bc4cadb\" data-element_type=\"widget\" data-e-type=\"widget\" data-widget_type=\"image.default\">\n\t\t\t\t<div class=\"elementor-widget-container\">\n\t\t\t\t\t\t\t\t\t\t\t\t\t\t\t<img decoding=\"async\" width=\"800\" height=\"341\" src=\"https:\/\/perlatodo.com\/perla\/wp-content\/uploads\/2024\/02\/img-piebetplay.webp\" class=\"attachment-full size-full wp-image-707\" alt=\"\" srcset=\"https:\/\/perlatodo.com\/perla\/wp-content\/uploads\/2024\/02\/img-piebetplay.webp 800w, https:\/\/perlatodo.com\/perla\/wp-content\/uploads\/2024\/02\/img-piebetplay-300x128.webp 300w, https:\/\/perlatodo.com\/perla\/wp-content\/uploads\/2024\/02\/img-piebetplay-768x327.webp 768w\" sizes=\"(max-width: 800px) 100vw, 800px\" \/>\t\t\t\t\t\t\t\t\t\t\t\t\t\t\t<\/div>\n\t\t\t\t<\/div>\n\t\t\t\t\t<\/div>\n\t\t<\/div>\n\t\t\t\t\t<\/div>\n\t\t<\/section>\n\t\t\t\t\t<\/div>\n\t\t<\/div>\n\t\t\t\t\t<\/div>\n\t\t<\/section>\n\t\t\t\t<\/div>\n\t\t","protected":false},"excerpt":{"rendered":"<p>La Patota La Perla La Patota es el nombre comercial del incentivo con cobro denominado \u201cLa Tripleta\u201d, autorizado mediante el Contrato No. 054 de 2024 por la Loter\u00eda Santander, conforme a lo establecido en la Resoluci\u00f3n No. 106 de 2025. Este incentivo permite que, luego de realizar su apuesta principal, el apostador seleccione tres (3) [&hellip;]<\/p>\n","protected":false},"author":1,"featured_media":0,"parent":0,"menu_order":0,"comment_status":"closed","ping_status":"closed","template":"elementor_header_footer","meta":{"footnotes":""},"class_list":["post-2054","page","type-page","status-publish","hentry"],"_links":{"self":[{"href":"https:\/\/perlatodo.com\/perla\/wp-json\/wp\/v2\/pages\/2054","targetHints":{"allow":["GET"]}}],"collection":[{"href":"https:\/\/perlatodo.com\/perla\/wp-json\/wp\/v2\/pages"}],"about":[{"href":"https:\/\/perlatodo.com\/perla\/wp-json\/wp\/v2\/types\/page"}],"author":[{"embeddable":true,"href":"https:\/\/perlatodo.com\/perla\/wp-json\/wp\/v2\/users\/1"}],"replies":[{"embeddable":true,"href":"https:\/\/perlatodo.com\/perla\/wp-json\/wp\/v2\/comments?post=2054"}],"version-history":[{"count":0,"href":"https:\/\/perlatodo.com\/perla\/wp-json\/wp\/v2\/pages\/2054\/revisions"}],"wp:attachment":[{"href":"https:\/\/perlatodo.com\/perla\/wp-json\/wp\/v2\/media?parent=2054"}],"curies":[{"name":"wp","href":"https:\/\/api.w.org\/{rel}","templated":true}]}}