{"id":2030,"date":"2024-02-25T22:02:20","date_gmt":"2024-02-26T03:02:20","guid":{"rendered":"https:\/\/perlatodo.com\/perla\/?page_id=2030"},"modified":"2024-02-28T11:30:59","modified_gmt":"2024-02-28T16:30:59","slug":"chance-millonario","status":"publish","type":"page","link":"https:\/\/perlatodo.com\/perla\/chance-millonario\/","title":{"rendered":"Chance Millonario"},"content":{"rendered":"\t\t<div data-elementor-type=\"wp-page\" data-elementor-id=\"2030\" class=\"elementor elementor-2030\" data-elementor-post-type=\"page\">\n\t\t\t\t\t\t<section data-particle_enable=\"false\" data-particle-mobile-disabled=\"false\" class=\"elementor-section elementor-top-section elementor-element elementor-element-b8b7637 elementor-section-full_width elementor-section-height-min-height elementor-section-stretched elementor-section-height-default elementor-section-items-middle\" data-id=\"b8b7637\" data-element_type=\"section\" data-e-type=\"section\" data-settings=\"{&quot;stretch_section&quot;:&quot;section-stretched&quot;,&quot;background_background&quot;:&quot;classic&quot;}\">\n\t\t\t\t\t\t\t<div class=\"elementor-background-overlay\"><\/div>\n\t\t\t\t\t\t\t<div class=\"elementor-container elementor-column-gap-no\">\n\t\t\t\t\t<div class=\"elementor-column elementor-col-100 elementor-top-column elementor-element elementor-element-3dcbd7b\" data-id=\"3dcbd7b\" data-element_type=\"column\" data-e-type=\"column\">\n\t\t\t<div class=\"elementor-widget-wrap elementor-element-populated\">\n\t\t\t\t\t\t<section data-particle_enable=\"false\" data-particle-mobile-disabled=\"false\" class=\"elementor-section elementor-inner-section elementor-element elementor-element-7b33351 elementor-section-boxed elementor-section-height-default elementor-section-height-default\" data-id=\"7b33351\" data-element_type=\"section\" data-e-type=\"section\">\n\t\t\t\t\t\t<div class=\"elementor-container elementor-column-gap-default\">\n\t\t\t\t\t<div class=\"elementor-column elementor-col-50 elementor-inner-column elementor-element elementor-element-8b015a6\" data-id=\"8b015a6\" data-element_type=\"column\" data-e-type=\"column\">\n\t\t\t<div class=\"elementor-widget-wrap elementor-element-populated\">\n\t\t\t\t\t\t<div class=\"elementor-element elementor-element-44f42e5 elementor-widget elementor-widget-image\" data-id=\"44f42e5\" data-element_type=\"widget\" data-e-type=\"widget\" data-widget_type=\"image.default\">\n\t\t\t\t<div class=\"elementor-widget-container\">\n\t\t\t\t\t\t\t\t\t\t\t\t\t\t\t<img fetchpriority=\"high\" decoding=\"async\" width=\"500\" height=\"228\" src=\"https:\/\/perlatodo.com\/perla\/wp-content\/uploads\/2024\/02\/logo_chancemillonario.webp\" class=\"attachment-full size-full wp-image-2034\" alt=\"\" srcset=\"https:\/\/perlatodo.com\/perla\/wp-content\/uploads\/2024\/02\/logo_chancemillonario.webp 500w, https:\/\/perlatodo.com\/perla\/wp-content\/uploads\/2024\/02\/logo_chancemillonario-300x137.webp 300w\" sizes=\"(max-width: 500px) 100vw, 500px\" \/>\t\t\t\t\t\t\t\t\t\t\t\t\t\t\t<\/div>\n\t\t\t\t<\/div>\n\t\t\t\t\t<\/div>\n\t\t<\/div>\n\t\t\t\t<div class=\"elementor-column elementor-col-50 elementor-inner-column elementor-element elementor-element-399d3c4\" data-id=\"399d3c4\" data-element_type=\"column\" data-e-type=\"column\">\n\t\t\t<div class=\"elementor-widget-wrap\">\n\t\t\t\t\t\t\t<\/div>\n\t\t<\/div>\n\t\t\t\t\t<\/div>\n\t\t<\/section>\n\t\t\t\t\t<\/div>\n\t\t<\/div>\n\t\t\t\t\t<\/div>\n\t\t<\/section>\n\t\t\t\t<section data-particle_enable=\"false\" data-particle-mobile-disabled=\"false\" class=\"elementor-section elementor-top-section elementor-element elementor-element-fc2bdd6 elementor-section-stretched elementor-section-boxed elementor-section-height-default elementor-section-height-default\" data-id=\"fc2bdd6\" data-element_type=\"section\" data-e-type=\"section\" data-settings=\"{&quot;stretch_section&quot;:&quot;section-stretched&quot;}\">\n\t\t\t\t\t\t<div class=\"elementor-container elementor-column-gap-default\">\n\t\t\t\t\t<div class=\"elementor-column elementor-col-100 elementor-top-column elementor-element elementor-element-b00f1c3\" data-id=\"b00f1c3\" data-element_type=\"column\" data-e-type=\"column\">\n\t\t\t<div class=\"elementor-widget-wrap elementor-element-populated\">\n\t\t\t\t\t\t<div class=\"elementor-element elementor-element-a2a2ec2 elementor-widget elementor-widget-text-editor\" data-id=\"a2a2ec2\" data-element_type=\"widget\" data-e-type=\"widget\" data-widget_type=\"text-editor.default\">\n\t\t\t\t<div class=\"elementor-widget-container\">\n\t\t\t\t\t\t\t\t\t<p class=\"big\">CHANCE MILLONARIO es una modalidad de chance de doble acierto con premio acumulado de cuatro cifras, se rige de acuerdo con lo establecido en Ley 643 de 2001, el Decreto 1068 de 2015, el Decreto 176 de 2017 &#8211; ambos expedidos por el Ministerio de Hacienda y Cr\u00e9dito P\u00fablico, el Acuerdo 326 de 2017 expedido por el Consejo Nacional de Juegos de Suerte y Azar, y dem\u00e1s normas concordantes o las que los modifiquen o sustituyan.<\/p><p class=\"big\">El Apostador, por CINCO MIL PESOS MCTE (5.000) IVA incluido puede participar en esta modalidad de juego.<\/p><p class=\"big\">El jugador ganar\u00e1 el premio acumulado de CHANCE MILLONARIO, cuando uno (1) o dos (2) de los cinco (5) n\u00fameros de cuatro (4) cifras consignados en el formulario coincidan con las cuatro \u00faltimas cifras de los resultados del premio mayor de las dos (2) loter\u00edas o juegos autorizados se\u00f1alados por el Jugador, o con el resultado del premio mayor de una (1) loter\u00eda tradicional y el resultado de un (1) juego autorizado. En caso de resultar m\u00e1s de un ganador, en un solo ciclo de juego del acumulado de CHANCE MILLONARIO, el premio se dividir\u00e1 en partes iguales entre los ganadores. Cuando alguno de los cinco (5) n\u00fameros de cuatro (4) cifras consignados en el formulario coincida \u00fanicamente con el resultado del premio mayor de una (1) de las dos (2) loter\u00edas o juegos autorizados se\u00f1alados por el jugador, le pagar\u00e0 a este un premio m\u00ednimo equivalente a ($3.000) por cada peso apostado, calculado sobre el valor apostado a cada n\u00famero sin IVA (N\u00fameros apostados divido en 10 es igual a 420, valor que se multiplica por $3.000, lo que nos da un total de $1.260.504) como se describe en el decreto 176 de 2016 &#8211; secci\u00f3n 1 &#8211; Art. 2.7.2.2.1.1 Numeral 1, literal c.<\/p>\t\t\t\t\t\t\t\t<\/div>\n\t\t\t\t<\/div>\n\t\t\t\t<section data-particle_enable=\"false\" data-particle-mobile-disabled=\"false\" class=\"elementor-section elementor-inner-section elementor-element elementor-element-a218737 elementor-section-boxed elementor-section-height-default elementor-section-height-default\" data-id=\"a218737\" data-element_type=\"section\" data-e-type=\"section\">\n\t\t\t\t\t\t<div class=\"elementor-container elementor-column-gap-default\">\n\t\t\t\t\t<div class=\"elementor-column elementor-col-50 elementor-inner-column elementor-element elementor-element-f5be976\" data-id=\"f5be976\" data-element_type=\"column\" data-e-type=\"column\">\n\t\t\t<div class=\"elementor-widget-wrap elementor-element-populated\">\n\t\t\t\t\t\t<div class=\"elementor-element elementor-element-47d7ac6 elementor-widget elementor-widget-image\" data-id=\"47d7ac6\" data-element_type=\"widget\" data-e-type=\"widget\" data-widget_type=\"image.default\">\n\t\t\t\t<div class=\"elementor-widget-container\">\n\t\t\t\t\t\t\t\t\t\t\t\t\t\t\t<img decoding=\"async\" width=\"600\" height=\"569\" src=\"https:\/\/perlatodo.com\/perla\/wp-content\/uploads\/2024\/02\/sorteo_chancemillonario.webp\" class=\"attachment-large size-large wp-image-2032\" alt=\"\" srcset=\"https:\/\/perlatodo.com\/perla\/wp-content\/uploads\/2024\/02\/sorteo_chancemillonario.webp 600w, https:\/\/perlatodo.com\/perla\/wp-content\/uploads\/2024\/02\/sorteo_chancemillonario-300x285.webp 300w\" sizes=\"(max-width: 600px) 100vw, 600px\" \/>\t\t\t\t\t\t\t\t\t\t\t\t\t\t\t<\/div>\n\t\t\t\t<\/div>\n\t\t\t\t\t<\/div>\n\t\t<\/div>\n\t\t\t\t<div class=\"elementor-column elementor-col-50 elementor-inner-column elementor-element elementor-element-4220a17\" data-id=\"4220a17\" data-element_type=\"column\" data-e-type=\"column\">\n\t\t\t<div class=\"elementor-widget-wrap elementor-element-populated\">\n\t\t\t\t\t\t<div class=\"elementor-element elementor-element-7072f73 elementor-widget elementor-widget-image\" data-id=\"7072f73\" data-element_type=\"widget\" data-e-type=\"widget\" data-widget_type=\"image.default\">\n\t\t\t\t<div class=\"elementor-widget-container\">\n\t\t\t\t\t\t\t\t\t\t\t\t\t\t\t<img decoding=\"async\" width=\"600\" height=\"383\" src=\"https:\/\/perlatodo.com\/perla\/wp-content\/uploads\/2024\/02\/sorteo_chancemillonario2.webp\" class=\"attachment-large size-large wp-image-2037\" alt=\"\" srcset=\"https:\/\/perlatodo.com\/perla\/wp-content\/uploads\/2024\/02\/sorteo_chancemillonario2.webp 600w, https:\/\/perlatodo.com\/perla\/wp-content\/uploads\/2024\/02\/sorteo_chancemillonario2-300x192.webp 300w\" sizes=\"(max-width: 600px) 100vw, 600px\" \/>\t\t\t\t\t\t\t\t\t\t\t\t\t\t\t<\/div>\n\t\t\t\t<\/div>\n\t\t\t\t\t<\/div>\n\t\t<\/div>\n\t\t\t\t\t<\/div>\n\t\t<\/section>\n\t\t\t\t\t<\/div>\n\t\t<\/div>\n\t\t\t\t\t<\/div>\n\t\t<\/section>\n\t\t\t\t<section data-particle_enable=\"false\" data-particle-mobile-disabled=\"false\" class=\"elementor-section elementor-top-section elementor-element elementor-element-c084b14 elementor-section-full_width elementor-section-height-min-height elementor-section-stretched elementor-section-height-default elementor-section-items-middle\" data-id=\"c084b14\" data-element_type=\"section\" data-e-type=\"section\" data-settings=\"{&quot;stretch_section&quot;:&quot;section-stretched&quot;,&quot;background_background&quot;:&quot;classic&quot;}\">\n\t\t\t\t\t\t<div class=\"elementor-container elementor-column-gap-no\">\n\t\t\t\t\t<div class=\"elementor-column elementor-col-100 elementor-top-column elementor-element elementor-element-f01a815\" data-id=\"f01a815\" data-element_type=\"column\" data-e-type=\"column\">\n\t\t\t<div class=\"elementor-widget-wrap elementor-element-populated\">\n\t\t\t\t\t\t<section data-particle_enable=\"false\" data-particle-mobile-disabled=\"false\" class=\"elementor-section elementor-inner-section elementor-element elementor-element-7858751 elementor-section-boxed elementor-section-height-default elementor-section-height-default\" data-id=\"7858751\" data-element_type=\"section\" data-e-type=\"section\">\n\t\t\t\t\t\t<div class=\"elementor-container elementor-column-gap-default\">\n\t\t\t\t\t<div class=\"elementor-column elementor-col-50 elementor-inner-column elementor-element elementor-element-cf2e297\" data-id=\"cf2e297\" data-element_type=\"column\" data-e-type=\"column\">\n\t\t\t<div class=\"elementor-widget-wrap elementor-element-populated\">\n\t\t\t\t\t\t<div class=\"elementor-element elementor-element-5e6a094 elementor-widget elementor-widget-image\" data-id=\"5e6a094\" data-element_type=\"widget\" data-e-type=\"widget\" data-widget_type=\"image.default\">\n\t\t\t\t<div class=\"elementor-widget-container\">\n\t\t\t\t\t\t\t\t\t\t\t\t\t\t\t<img loading=\"lazy\" decoding=\"async\" width=\"600\" height=\"518\" src=\"https:\/\/perlatodo.com\/perla\/wp-content\/uploads\/2024\/02\/premios_chancemillonario1.webp\" class=\"attachment-full size-full wp-image-2033\" alt=\"\" srcset=\"https:\/\/perlatodo.com\/perla\/wp-content\/uploads\/2024\/02\/premios_chancemillonario1.webp 600w, https:\/\/perlatodo.com\/perla\/wp-content\/uploads\/2024\/02\/premios_chancemillonario1-300x259.webp 300w\" sizes=\"(max-width: 600px) 100vw, 600px\" \/>\t\t\t\t\t\t\t\t\t\t\t\t\t\t\t<\/div>\n\t\t\t\t<\/div>\n\t\t\t\t\t<\/div>\n\t\t<\/div>\n\t\t\t\t<div class=\"elementor-column elementor-col-50 elementor-inner-column elementor-element elementor-element-37346d6\" data-id=\"37346d6\" data-element_type=\"column\" data-e-type=\"column\">\n\t\t\t<div class=\"elementor-widget-wrap elementor-element-populated\">\n\t\t\t\t\t\t<div class=\"elementor-element elementor-element-eefe708 elementor-widget elementor-widget-image\" data-id=\"eefe708\" data-element_type=\"widget\" data-e-type=\"widget\" data-widget_type=\"image.default\">\n\t\t\t\t<div class=\"elementor-widget-container\">\n\t\t\t\t\t\t\t\t\t\t\t\t\t\t\t<img loading=\"lazy\" decoding=\"async\" width=\"600\" height=\"527\" src=\"https:\/\/perlatodo.com\/perla\/wp-content\/uploads\/2024\/02\/premios_chancemillonario2.webp\" class=\"attachment-full size-full wp-image-2036\" alt=\"\" srcset=\"https:\/\/perlatodo.com\/perla\/wp-content\/uploads\/2024\/02\/premios_chancemillonario2.webp 600w, https:\/\/perlatodo.com\/perla\/wp-content\/uploads\/2024\/02\/premios_chancemillonario2-300x264.webp 300w\" sizes=\"(max-width: 600px) 100vw, 600px\" \/>\t\t\t\t\t\t\t\t\t\t\t\t\t\t\t<\/div>\n\t\t\t\t<\/div>\n\t\t\t\t\t<\/div>\n\t\t<\/div>\n\t\t\t\t\t<\/div>\n\t\t<\/section>\n\t\t\t\t\t<\/div>\n\t\t<\/div>\n\t\t\t\t\t<\/div>\n\t\t<\/section>\n\t\t\t\t<section data-particle_enable=\"false\" data-particle-mobile-disabled=\"false\" class=\"elementor-section elementor-top-section elementor-element elementor-element-1cb2821 elementor-section-stretched elementor-section-boxed elementor-section-height-default elementor-section-height-default\" data-id=\"1cb2821\" data-element_type=\"section\" data-e-type=\"section\" data-settings=\"{&quot;stretch_section&quot;:&quot;section-stretched&quot;}\">\n\t\t\t\t\t\t<div class=\"elementor-container elementor-column-gap-default\">\n\t\t\t\t\t<div class=\"elementor-column elementor-col-100 elementor-top-column elementor-element elementor-element-e293e31\" data-id=\"e293e31\" data-element_type=\"column\" data-e-type=\"column\">\n\t\t\t<div class=\"elementor-widget-wrap elementor-element-populated\">\n\t\t\t\t\t\t<div class=\"elementor-element elementor-element-04eb47f elementor-widget elementor-widget-text-editor\" data-id=\"04eb47f\" data-element_type=\"widget\" data-e-type=\"widget\" data-widget_type=\"text-editor.default\">\n\t\t\t\t<div class=\"elementor-widget-container\">\n\t\t\t\t\t\t\t\t\t<p><strong>COBRO DE PREMIOS<\/strong><\/p><p><strong>PREMIOS DE 1 ACIERTO.<\/strong><br \/>Premio de $1.260.300. Ser\u00e1 pagado en las puntos de venta autorizados de LA PERLA.<\/p><p><strong>PREMIOS DE 2 ACIERTOS.<\/strong><br \/>Acumulado Millonario. Ser\u00e1 pagado por la Fiducia .<\/p><p>Descuentos de Ley<br \/>La Retenci\u00f3n en la fuente (20%) se aplica \u00fanicamente para premios mayores a 48 UVT.<br \/><a href=\"http:\/\/www.chancemillonario.com\">www.chancemillonario.com<\/a><\/p>\t\t\t\t\t\t\t\t<\/div>\n\t\t\t\t<\/div>\n\t\t\t\t\t<\/div>\n\t\t<\/div>\n\t\t\t\t\t<\/div>\n\t\t<\/section>\n\t\t\t\t<section data-particle_enable=\"false\" data-particle-mobile-disabled=\"false\" class=\"elementor-section elementor-top-section elementor-element elementor-element-38eef65 elementor-section-full_width elementor-section-height-min-height elementor-section-stretched elementor-section-height-default elementor-section-items-middle\" data-id=\"38eef65\" data-element_type=\"section\" data-e-type=\"section\" data-settings=\"{&quot;stretch_section&quot;:&quot;section-stretched&quot;,&quot;background_background&quot;:&quot;classic&quot;}\">\n\t\t\t\t\t\t\t<div class=\"elementor-background-overlay\"><\/div>\n\t\t\t\t\t\t\t<div class=\"elementor-container elementor-column-gap-no\">\n\t\t\t\t\t<div class=\"elementor-column elementor-col-100 elementor-top-column elementor-element elementor-element-556dbe2\" data-id=\"556dbe2\" data-element_type=\"column\" data-e-type=\"column\">\n\t\t\t<div class=\"elementor-widget-wrap elementor-element-populated\">\n\t\t\t\t\t\t<section data-particle_enable=\"false\" data-particle-mobile-disabled=\"false\" class=\"elementor-section elementor-inner-section elementor-element elementor-element-190e78e elementor-section-boxed elementor-section-height-default elementor-section-height-default\" data-id=\"190e78e\" data-element_type=\"section\" data-e-type=\"section\">\n\t\t\t\t\t\t<div class=\"elementor-container elementor-column-gap-default\">\n\t\t\t\t\t<div class=\"elementor-column elementor-col-100 elementor-inner-column elementor-element elementor-element-cf81950\" data-id=\"cf81950\" data-element_type=\"column\" data-e-type=\"column\">\n\t\t\t<div class=\"elementor-widget-wrap elementor-element-populated\">\n\t\t\t\t\t\t<div class=\"elementor-element elementor-element-bc4cadb elementor-widget elementor-widget-image\" data-id=\"bc4cadb\" data-element_type=\"widget\" data-e-type=\"widget\" data-widget_type=\"image.default\">\n\t\t\t\t<div class=\"elementor-widget-container\">\n\t\t\t\t\t\t\t\t\t\t\t\t\t\t\t<img loading=\"lazy\" decoding=\"async\" width=\"800\" height=\"341\" src=\"https:\/\/perlatodo.com\/perla\/wp-content\/uploads\/2024\/02\/img-piebetplay.webp\" class=\"attachment-full size-full wp-image-707\" alt=\"\" srcset=\"https:\/\/perlatodo.com\/perla\/wp-content\/uploads\/2024\/02\/img-piebetplay.webp 800w, https:\/\/perlatodo.com\/perla\/wp-content\/uploads\/2024\/02\/img-piebetplay-300x128.webp 300w, https:\/\/perlatodo.com\/perla\/wp-content\/uploads\/2024\/02\/img-piebetplay-768x327.webp 768w\" sizes=\"(max-width: 800px) 100vw, 800px\" \/>\t\t\t\t\t\t\t\t\t\t\t\t\t\t\t<\/div>\n\t\t\t\t<\/div>\n\t\t\t\t\t<\/div>\n\t\t<\/div>\n\t\t\t\t\t<\/div>\n\t\t<\/section>\n\t\t\t\t\t<\/div>\n\t\t<\/div>\n\t\t\t\t\t<\/div>\n\t\t<\/section>\n\t\t\t\t<\/div>\n\t\t","protected":false},"excerpt":{"rendered":"<p>CHANCE MILLONARIO es una modalidad de chance de doble acierto con premio acumulado de cuatro cifras, se rige de acuerdo con lo establecido en Ley 643 de 2001, el Decreto 1068 de 2015, el Decreto 176 de 2017 &#8211; ambos expedidos por el Ministerio de Hacienda y Cr\u00e9dito P\u00fablico, el Acuerdo 326 de 2017 expedido [&hellip;]<\/p>\n","protected":false},"author":1,"featured_media":0,"parent":0,"menu_order":0,"comment_status":"closed","ping_status":"closed","template":"elementor_header_footer","meta":{"footnotes":""},"class_list":["post-2030","page","type-page","status-publish","hentry"],"_links":{"self":[{"href":"https:\/\/perlatodo.com\/perla\/wp-json\/wp\/v2\/pages\/2030","targetHints":{"allow":["GET"]}}],"collection":[{"href":"https:\/\/perlatodo.com\/perla\/wp-json\/wp\/v2\/pages"}],"about":[{"href":"https:\/\/perlatodo.com\/perla\/wp-json\/wp\/v2\/types\/page"}],"author":[{"embeddable":true,"href":"https:\/\/perlatodo.com\/perla\/wp-json\/wp\/v2\/users\/1"}],"replies":[{"embeddable":true,"href":"https:\/\/perlatodo.com\/perla\/wp-json\/wp\/v2\/comments?post=2030"}],"version-history":[{"count":0,"href":"https:\/\/perlatodo.com\/perla\/wp-json\/wp\/v2\/pages\/2030\/revisions"}],"wp:attachment":[{"href":"https:\/\/perlatodo.com\/perla\/wp-json\/wp\/v2\/media?parent=2030"}],"curies":[{"name":"wp","href":"https:\/\/api.w.org\/{rel}","templated":true}]}}