{"id":1841,"date":"2024-02-24T12:59:48","date_gmt":"2024-02-24T17:59:48","guid":{"rendered":"https:\/\/perlatodo.com\/perla\/?page_id=1841"},"modified":"2024-02-27T09:37:11","modified_gmt":"2024-02-27T14:37:11","slug":"giros-la-perla","status":"publish","type":"page","link":"https:\/\/perlatodo.com\/perla\/giros-la-perla\/","title":{"rendered":"Giros la Perla"},"content":{"rendered":"\t\t<div data-elementor-type=\"wp-page\" data-elementor-id=\"1841\" class=\"elementor elementor-1841\" data-elementor-post-type=\"page\">\n\t\t\t\t\t\t<section data-particle_enable=\"false\" data-particle-mobile-disabled=\"false\" class=\"elementor-section elementor-top-section elementor-element elementor-element-b8b7637 elementor-section-full_width elementor-section-height-min-height elementor-section-stretched elementor-section-height-default elementor-section-items-middle\" data-id=\"b8b7637\" data-element_type=\"section\" data-e-type=\"section\" data-settings=\"{&quot;stretch_section&quot;:&quot;section-stretched&quot;,&quot;background_background&quot;:&quot;classic&quot;}\">\n\t\t\t\t\t\t\t<div class=\"elementor-background-overlay\"><\/div>\n\t\t\t\t\t\t\t<div class=\"elementor-container elementor-column-gap-no\">\n\t\t\t\t\t<div class=\"elementor-column elementor-col-100 elementor-top-column elementor-element elementor-element-3dcbd7b\" data-id=\"3dcbd7b\" data-element_type=\"column\" data-e-type=\"column\">\n\t\t\t<div class=\"elementor-widget-wrap elementor-element-populated\">\n\t\t\t\t\t\t<section data-particle_enable=\"false\" data-particle-mobile-disabled=\"false\" class=\"elementor-section elementor-inner-section elementor-element elementor-element-7b33351 elementor-section-boxed elementor-section-height-default elementor-section-height-default\" data-id=\"7b33351\" data-element_type=\"section\" data-e-type=\"section\">\n\t\t\t\t\t\t<div class=\"elementor-container elementor-column-gap-default\">\n\t\t\t\t\t<div class=\"elementor-column elementor-col-50 elementor-inner-column elementor-element elementor-element-8b015a6\" data-id=\"8b015a6\" data-element_type=\"column\" data-e-type=\"column\">\n\t\t\t<div class=\"elementor-widget-wrap elementor-element-populated\">\n\t\t\t\t\t\t<div class=\"elementor-element elementor-element-a63bfa3 elementor-widget elementor-widget-heading\" data-id=\"a63bfa3\" data-element_type=\"widget\" data-e-type=\"widget\" data-widget_type=\"heading.default\">\n\t\t\t\t<div class=\"elementor-widget-container\">\n\t\t\t\t\t<h2 class=\"elementor-heading-title elementor-size-default\">Gire a toda Colombia <br>por la Perla<\/h2>\t\t\t\t<\/div>\n\t\t\t\t<\/div>\n\t\t\t\t\t<\/div>\n\t\t<\/div>\n\t\t\t\t<div class=\"elementor-column elementor-col-50 elementor-inner-column elementor-element elementor-element-399d3c4\" data-id=\"399d3c4\" data-element_type=\"column\" data-e-type=\"column\">\n\t\t\t<div class=\"elementor-widget-wrap\">\n\t\t\t\t\t\t\t<\/div>\n\t\t<\/div>\n\t\t\t\t\t<\/div>\n\t\t<\/section>\n\t\t\t\t\t<\/div>\n\t\t<\/div>\n\t\t\t\t\t<\/div>\n\t\t<\/section>\n\t\t\t\t<section data-particle_enable=\"false\" data-particle-mobile-disabled=\"false\" class=\"elementor-section elementor-top-section elementor-element elementor-element-fc2bdd6 elementor-section-stretched elementor-section-boxed elementor-section-height-default elementor-section-height-default\" data-id=\"fc2bdd6\" data-element_type=\"section\" data-e-type=\"section\" data-settings=\"{&quot;stretch_section&quot;:&quot;section-stretched&quot;}\">\n\t\t\t\t\t\t<div class=\"elementor-container elementor-column-gap-default\">\n\t\t\t\t\t<div class=\"elementor-column elementor-col-100 elementor-top-column elementor-element elementor-element-b00f1c3\" data-id=\"b00f1c3\" data-element_type=\"column\" data-e-type=\"column\">\n\t\t\t<div class=\"elementor-widget-wrap elementor-element-populated\">\n\t\t\t\t\t\t<div class=\"elementor-element elementor-element-a2a2ec2 elementor-widget elementor-widget-text-editor\" data-id=\"a2a2ec2\" data-element_type=\"widget\" data-e-type=\"widget\" data-widget_type=\"text-editor.default\">\n\t\t\t\t<div class=\"elementor-widget-container\">\n\t\t\t\t\t\t\t\t\t<p><strong>\u00bfC\u00f3mo enviar un Giro SuRed desde Santander?<\/strong><\/p><p>Ac\u00e9rquese a un PUNTO DE VENTA de La Perla SuRed en Santander con el monto a girar, su documento de identidad e indique el beneficiario.<\/p><p><strong>\u00bfC\u00f3mo recibir un Giro SuRed en Santander?<\/strong><\/p><p>Ac\u00e9rquese a nuestros puntos con su c\u00e9dula de ciudadan\u00eda, responda algunas preguntas de control y reciba su giro.<\/p><p><strong>1.<\/strong> Para giros superiores a $500.000 debe presentar fotocopia de la c\u00e9dula ampliada al 150%.<br \/><strong>2.<\/strong> El giro \u00fanicamente se paga al beneficiario titular del mismo.<br \/><strong>3.<\/strong> El tr\u00e1mite de la imposici\u00f3n y pago de giros se debe realizar \u00fanicamente con los siguientes documentos:<br \/>&#8211; C\u00e9dula de ciudadan\u00eda.<br \/>&#8211; C\u00e9dula de extranjer\u00eda vigente.<br \/>&#8211; Tarjeta de identidad mayor de 14 a\u00f1os (solo cobro de giros).<br \/>&#8211; Contrase\u00f1a blanca \u00f3 verde (mostrando un documento v\u00e1lido adicional).<\/p>\t\t\t\t\t\t\t\t<\/div>\n\t\t\t\t<\/div>\n\t\t\t\t\t<\/div>\n\t\t<\/div>\n\t\t\t\t\t<\/div>\n\t\t<\/section>\n\t\t\t\t<section data-particle_enable=\"false\" data-particle-mobile-disabled=\"false\" class=\"elementor-section elementor-top-section elementor-element elementor-element-8e9a8a2 elementor-section-boxed elementor-section-height-default elementor-section-height-default\" data-id=\"8e9a8a2\" data-element_type=\"section\" data-e-type=\"section\">\n\t\t\t\t\t\t<div class=\"elementor-container elementor-column-gap-default\">\n\t\t\t\t\t<div class=\"elementor-column elementor-col-50 elementor-top-column elementor-element elementor-element-4eed7c1\" data-id=\"4eed7c1\" data-element_type=\"column\" data-e-type=\"column\">\n\t\t\t<div class=\"elementor-widget-wrap elementor-element-populated\">\n\t\t\t\t\t\t<div class=\"elementor-element elementor-element-769b8ea animated-slow elementor-invisible elementor-widget elementor-widget-image\" data-id=\"769b8ea\" data-element_type=\"widget\" data-e-type=\"widget\" data-settings=\"{&quot;_animation&quot;:&quot;bounce&quot;}\" data-widget_type=\"image.default\">\n\t\t\t\t<div class=\"elementor-widget-container\">\n\t\t\t\t\t\t\t\t\t\t\t\t\t\t\t<img fetchpriority=\"high\" decoding=\"async\" width=\"597\" height=\"708\" src=\"https:\/\/perlatodo.com\/perla\/wp-content\/uploads\/2024\/02\/tarigas-giros-laperla-1.webp\" class=\"attachment-large size-large wp-image-1853\" alt=\"\" srcset=\"https:\/\/perlatodo.com\/perla\/wp-content\/uploads\/2024\/02\/tarigas-giros-laperla-1.webp 597w, https:\/\/perlatodo.com\/perla\/wp-content\/uploads\/2024\/02\/tarigas-giros-laperla-1-253x300.webp 253w\" sizes=\"(max-width: 597px) 100vw, 597px\" \/>\t\t\t\t\t\t\t\t\t\t\t\t\t\t\t<\/div>\n\t\t\t\t<\/div>\n\t\t\t\t\t<\/div>\n\t\t<\/div>\n\t\t\t\t<div class=\"elementor-column elementor-col-50 elementor-top-column elementor-element elementor-element-255be0e\" data-id=\"255be0e\" data-element_type=\"column\" data-e-type=\"column\">\n\t\t\t<div class=\"elementor-widget-wrap elementor-element-populated\">\n\t\t\t\t\t\t<div class=\"elementor-element elementor-element-b4ce0d2 animated-slow elementor-invisible elementor-widget elementor-widget-image\" data-id=\"b4ce0d2\" data-element_type=\"widget\" data-e-type=\"widget\" data-settings=\"{&quot;_animation&quot;:&quot;bounce&quot;}\" data-widget_type=\"image.default\">\n\t\t\t\t<div class=\"elementor-widget-container\">\n\t\t\t\t\t\t\t\t\t\t\t\t\t\t\t<img decoding=\"async\" width=\"597\" height=\"708\" src=\"https:\/\/perlatodo.com\/perla\/wp-content\/uploads\/2024\/02\/tarigas-giros-laperla-2.webp\" class=\"attachment-large size-large wp-image-1852\" alt=\"\" srcset=\"https:\/\/perlatodo.com\/perla\/wp-content\/uploads\/2024\/02\/tarigas-giros-laperla-2.webp 597w, https:\/\/perlatodo.com\/perla\/wp-content\/uploads\/2024\/02\/tarigas-giros-laperla-2-253x300.webp 253w\" sizes=\"(max-width: 597px) 100vw, 597px\" \/>\t\t\t\t\t\t\t\t\t\t\t\t\t\t\t<\/div>\n\t\t\t\t<\/div>\n\t\t\t\t\t<\/div>\n\t\t<\/div>\n\t\t\t\t\t<\/div>\n\t\t<\/section>\n\t\t\t\t<section data-particle_enable=\"false\" data-particle-mobile-disabled=\"false\" class=\"elementor-section elementor-top-section elementor-element elementor-element-38eef65 elementor-section-full_width elementor-section-height-min-height elementor-section-stretched elementor-section-height-default elementor-section-items-middle\" data-id=\"38eef65\" data-element_type=\"section\" data-e-type=\"section\" data-settings=\"{&quot;stretch_section&quot;:&quot;section-stretched&quot;,&quot;background_background&quot;:&quot;classic&quot;}\">\n\t\t\t\t\t\t\t<div class=\"elementor-background-overlay\"><\/div>\n\t\t\t\t\t\t\t<div class=\"elementor-container elementor-column-gap-no\">\n\t\t\t\t\t<div class=\"elementor-column elementor-col-100 elementor-top-column elementor-element elementor-element-556dbe2\" data-id=\"556dbe2\" data-element_type=\"column\" data-e-type=\"column\">\n\t\t\t<div class=\"elementor-widget-wrap elementor-element-populated\">\n\t\t\t\t\t\t<section data-particle_enable=\"false\" data-particle-mobile-disabled=\"false\" class=\"elementor-section elementor-inner-section elementor-element elementor-element-190e78e elementor-section-boxed elementor-section-height-default elementor-section-height-default\" data-id=\"190e78e\" data-element_type=\"section\" data-e-type=\"section\">\n\t\t\t\t\t\t<div class=\"elementor-container elementor-column-gap-default\">\n\t\t\t\t\t<div class=\"elementor-column elementor-col-100 elementor-inner-column elementor-element elementor-element-cf81950\" data-id=\"cf81950\" data-element_type=\"column\" data-e-type=\"column\">\n\t\t\t<div class=\"elementor-widget-wrap elementor-element-populated\">\n\t\t\t\t\t\t<div class=\"elementor-element elementor-element-bc4cadb elementor-widget elementor-widget-image\" data-id=\"bc4cadb\" data-element_type=\"widget\" data-e-type=\"widget\" data-widget_type=\"image.default\">\n\t\t\t\t<div class=\"elementor-widget-container\">\n\t\t\t\t\t\t\t\t\t\t\t\t\t\t\t\t<a href=\"https:\/\/perlatodo.com\/perla\/puntos-la-perla\/\">\n\t\t\t\t\t\t\t<img decoding=\"async\" width=\"669\" height=\"369\" src=\"https:\/\/perlatodo.com\/perla\/wp-content\/uploads\/2024\/02\/PUNTOSGIROS.webp\" class=\"attachment-full size-full wp-image-1854\" alt=\"\" srcset=\"https:\/\/perlatodo.com\/perla\/wp-content\/uploads\/2024\/02\/PUNTOSGIROS.webp 669w, https:\/\/perlatodo.com\/perla\/wp-content\/uploads\/2024\/02\/PUNTOSGIROS-300x165.webp 300w\" sizes=\"(max-width: 669px) 100vw, 669px\" \/>\t\t\t\t\t\t\t\t<\/a>\n\t\t\t\t\t\t\t\t\t\t\t\t\t\t\t<\/div>\n\t\t\t\t<\/div>\n\t\t\t\t\t<\/div>\n\t\t<\/div>\n\t\t\t\t\t<\/div>\n\t\t<\/section>\n\t\t\t\t\t<\/div>\n\t\t<\/div>\n\t\t\t\t\t<\/div>\n\t\t<\/section>\n\t\t\t\t<\/div>\n\t\t","protected":false},"excerpt":{"rendered":"<p>Gire a toda Colombia por la Perla \u00bfC\u00f3mo enviar un Giro SuRed desde Santander? Ac\u00e9rquese a un PUNTO DE VENTA de La Perla SuRed en Santander con el monto a girar, su documento de identidad e indique el beneficiario. \u00bfC\u00f3mo recibir un Giro SuRed en Santander? Ac\u00e9rquese a nuestros puntos con su c\u00e9dula de ciudadan\u00eda, [&hellip;]<\/p>\n","protected":false},"author":1,"featured_media":0,"parent":0,"menu_order":0,"comment_status":"closed","ping_status":"closed","template":"elementor_header_footer","meta":{"footnotes":""},"class_list":["post-1841","page","type-page","status-publish","hentry"],"_links":{"self":[{"href":"https:\/\/perlatodo.com\/perla\/wp-json\/wp\/v2\/pages\/1841","targetHints":{"allow":["GET"]}}],"collection":[{"href":"https:\/\/perlatodo.com\/perla\/wp-json\/wp\/v2\/pages"}],"about":[{"href":"https:\/\/perlatodo.com\/perla\/wp-json\/wp\/v2\/types\/page"}],"author":[{"embeddable":true,"href":"https:\/\/perlatodo.com\/perla\/wp-json\/wp\/v2\/users\/1"}],"replies":[{"embeddable":true,"href":"https:\/\/perlatodo.com\/perla\/wp-json\/wp\/v2\/comments?post=1841"}],"version-history":[{"count":0,"href":"https:\/\/perlatodo.com\/perla\/wp-json\/wp\/v2\/pages\/1841\/revisions"}],"wp:attachment":[{"href":"https:\/\/perlatodo.com\/perla\/wp-json\/wp\/v2\/media?parent=1841"}],"curies":[{"name":"wp","href":"https:\/\/api.w.org\/{rel}","templated":true}]}}