{"id":1326,"date":"2024-02-21T19:41:06","date_gmt":"2024-02-22T00:41:06","guid":{"rendered":"https:\/\/perlatodo.com\/perla\/?page_id=1326"},"modified":"2025-05-08T21:06:59","modified_gmt":"2025-05-09T02:06:59","slug":"promociones","status":"publish","type":"page","link":"https:\/\/perlatodo.com\/perla\/promociones\/","title":{"rendered":"Promociones"},"content":{"rendered":"\t\t<div data-elementor-type=\"wp-page\" data-elementor-id=\"1326\" class=\"elementor elementor-1326\" data-elementor-post-type=\"page\">\n\t\t\t\t\t\t<section data-particle_enable=\"false\" data-particle-mobile-disabled=\"false\" class=\"elementor-section elementor-top-section elementor-element elementor-element-b8b7637 elementor-section-full_width elementor-section-height-min-height elementor-section-stretched elementor-section-height-default elementor-section-items-middle\" data-id=\"b8b7637\" data-element_type=\"section\" data-e-type=\"section\" data-settings=\"{&quot;stretch_section&quot;:&quot;section-stretched&quot;,&quot;background_background&quot;:&quot;classic&quot;}\">\n\t\t\t\t\t\t\t<div class=\"elementor-background-overlay\"><\/div>\n\t\t\t\t\t\t\t<div class=\"elementor-container elementor-column-gap-no\">\n\t\t\t\t\t<div class=\"elementor-column elementor-col-100 elementor-top-column elementor-element elementor-element-3dcbd7b\" data-id=\"3dcbd7b\" data-element_type=\"column\" data-e-type=\"column\">\n\t\t\t<div class=\"elementor-widget-wrap elementor-element-populated\">\n\t\t\t\t\t\t<section data-particle_enable=\"false\" data-particle-mobile-disabled=\"false\" class=\"elementor-section elementor-inner-section elementor-element elementor-element-7b33351 elementor-section-boxed elementor-section-height-default elementor-section-height-default\" data-id=\"7b33351\" data-element_type=\"section\" data-e-type=\"section\">\n\t\t\t\t\t\t<div class=\"elementor-container elementor-column-gap-default\">\n\t\t\t\t\t<div class=\"elementor-column elementor-col-50 elementor-inner-column elementor-element elementor-element-8b015a6\" data-id=\"8b015a6\" data-element_type=\"column\" data-e-type=\"column\">\n\t\t\t<div class=\"elementor-widget-wrap elementor-element-populated\">\n\t\t\t\t\t\t<div class=\"elementor-element elementor-element-a63bfa3 elementor-widget elementor-widget-heading\" data-id=\"a63bfa3\" data-element_type=\"widget\" data-e-type=\"widget\" data-widget_type=\"heading.default\">\n\t\t\t\t<div class=\"elementor-widget-container\">\n\t\t\t\t\t<h2 class=\"elementor-heading-title elementor-size-default\">Promociones<\/h2>\t\t\t\t<\/div>\n\t\t\t\t<\/div>\n\t\t\t\t\t<\/div>\n\t\t<\/div>\n\t\t\t\t<div class=\"elementor-column elementor-col-50 elementor-inner-column elementor-element elementor-element-399d3c4\" data-id=\"399d3c4\" data-element_type=\"column\" data-e-type=\"column\">\n\t\t\t<div class=\"elementor-widget-wrap\">\n\t\t\t\t\t\t\t<\/div>\n\t\t<\/div>\n\t\t\t\t\t<\/div>\n\t\t<\/section>\n\t\t\t\t\t<\/div>\n\t\t<\/div>\n\t\t\t\t\t<\/div>\n\t\t<\/section>\n\t\t\t\t<section data-particle_enable=\"false\" data-particle-mobile-disabled=\"false\" class=\"elementor-section elementor-top-section elementor-element elementor-element-e99da51 elementor-section-full_width elementor-section-height-default elementor-section-height-default\" data-id=\"e99da51\" data-element_type=\"section\" data-e-type=\"section\">\n\t\t\t\t\t\t<div class=\"elementor-container elementor-column-gap-default\">\n\t\t\t\t\t<div class=\"elementor-column elementor-col-100 elementor-top-column elementor-element elementor-element-0eff8e9\" data-id=\"0eff8e9\" data-element_type=\"column\" data-e-type=\"column\">\n\t\t\t<div class=\"elementor-widget-wrap elementor-element-populated\">\n\t\t\t\t\t\t<section data-particle_enable=\"false\" data-particle-mobile-disabled=\"false\" class=\"elementor-section elementor-inner-section elementor-element elementor-element-a6696f6 elementor-section-boxed elementor-section-height-default elementor-section-height-default\" data-id=\"a6696f6\" data-element_type=\"section\" data-e-type=\"section\">\n\t\t\t\t\t\t<div class=\"elementor-container elementor-column-gap-default\">\n\t\t\t\t\t<div class=\"elementor-column elementor-col-100 elementor-inner-column elementor-element elementor-element-c11a423\" data-id=\"c11a423\" data-element_type=\"column\" data-e-type=\"column\">\n\t\t\t<div class=\"elementor-widget-wrap elementor-element-populated\">\n\t\t\t\t\t\t<div class=\"elementor-element elementor-element-c648d72 elementor-posts--align-left elementor-grid-3 elementor-grid-tablet-2 elementor-grid-mobile-1 elementor-posts--thumbnail-top elementor-card-shadow-yes elementor-posts__hover-gradient elementor-widget elementor-widget-posts\" data-id=\"c648d72\" data-element_type=\"widget\" data-e-type=\"widget\" data-settings=\"{&quot;cards_masonry&quot;:&quot;yes&quot;,&quot;pagination_type&quot;:&quot;load_more_infinite_scroll&quot;,&quot;cards_columns&quot;:&quot;3&quot;,&quot;cards_columns_tablet&quot;:&quot;2&quot;,&quot;cards_columns_mobile&quot;:&quot;1&quot;,&quot;cards_row_gap&quot;:{&quot;unit&quot;:&quot;px&quot;,&quot;size&quot;:35,&quot;sizes&quot;:[]},&quot;cards_row_gap_tablet&quot;:{&quot;unit&quot;:&quot;px&quot;,&quot;size&quot;:&quot;&quot;,&quot;sizes&quot;:[]},&quot;cards_row_gap_mobile&quot;:{&quot;unit&quot;:&quot;px&quot;,&quot;size&quot;:&quot;&quot;,&quot;sizes&quot;:[]},&quot;load_more_spinner&quot;:{&quot;value&quot;:&quot;fas fa-spinner&quot;,&quot;library&quot;:&quot;fa-solid&quot;}}\" data-widget_type=\"posts.cards\">\n\t\t\t\t<div class=\"elementor-widget-container\">\n\t\t\t\t\t\t\t<div class=\"elementor-posts-container elementor-posts elementor-posts--skin-cards elementor-grid\" role=\"list\">\n\t\t\t\t<article class=\"elementor-post elementor-grid-item post-5394 post type-post status-publish format-standard has-post-thumbnail hentry category-blog\" role=\"listitem\">\n\t\t\t<div class=\"elementor-post__card\">\n\t\t\t\t<a class=\"elementor-post__thumbnail__link\" href=\"https:\/\/perlatodo.com\/perla\/camino-a-clases-blog\/\" tabindex=\"-1\" ><div class=\"elementor-post__thumbnail\"><img fetchpriority=\"high\" decoding=\"async\" width=\"1081\" height=\"1081\" src=\"https:\/\/perlatodo.com\/perla\/wp-content\/uploads\/2026\/01\/1081x1081-Camino-a-clases.webp\" class=\"attachment-full size-full wp-image-5402\" alt=\"\" srcset=\"https:\/\/perlatodo.com\/perla\/wp-content\/uploads\/2026\/01\/1081x1081-Camino-a-clases.webp 1081w, https:\/\/perlatodo.com\/perla\/wp-content\/uploads\/2026\/01\/1081x1081-Camino-a-clases-300x300.webp 300w, https:\/\/perlatodo.com\/perla\/wp-content\/uploads\/2026\/01\/1081x1081-Camino-a-clases-1024x1024.webp 1024w, https:\/\/perlatodo.com\/perla\/wp-content\/uploads\/2026\/01\/1081x1081-Camino-a-clases-150x150.webp 150w, https:\/\/perlatodo.com\/perla\/wp-content\/uploads\/2026\/01\/1081x1081-Camino-a-clases-768x768.webp 768w\" sizes=\"(max-width: 1081px) 100vw, 1081px\" \/><\/div><\/a>\n\t\t\t\t<div class=\"elementor-post__text\">\n\t\t\t\t<h2 class=\"elementor-post__title\">\n\t\t\t<a href=\"https:\/\/perlatodo.com\/perla\/camino-a-clases-blog\/\" >\n\t\t\t\tCamino a clases &#8211; blog\t\t\t<\/a>\n\t\t<\/h2>\n\t\t\t\t<div class=\"elementor-post__excerpt\">\n\t\t\t<p>Camino a clases Del 1 de enero al 28 de febrero de 2026, todos los clientes que hagan transacciones del portafolio de servicios (Pago de servicios, recargas de celular, giros ) tienen la oportunidad de participar en el sorteo virtual y ganar kits escolares o bonos para \u00fatiles. T\u00e9rminos y condiciones: El sorteo tiene una vigencia del 1 de enero<\/p>\n\t\t<\/div>\n\t\t\n\t\t<a class=\"elementor-post__read-more\" href=\"https:\/\/perlatodo.com\/perla\/camino-a-clases-blog\/\" aria-label=\"Read more about Camino a clases &#8211; blog\" tabindex=\"-1\" >\n\t\t\tLeer m\u00e1s \u00bb\t\t<\/a>\n\n\t\t\t\t<\/div>\n\t\t\t\t<div class=\"elementor-post__meta-data\">\n\t\t\t\t\t<span class=\"elementor-post-date\">\n\t\t\t26 enero, 2026\t\t<\/span>\n\t\t\t\t<\/div>\n\t\t\t\t\t<\/div>\n\t\t<\/article>\n\t\t\t\t<article class=\"elementor-post elementor-grid-item post-5381 post type-post status-publish format-standard has-post-thumbnail hentry category-blog\" role=\"listitem\">\n\t\t\t<div class=\"elementor-post__card\">\n\t\t\t\t<a class=\"elementor-post__thumbnail__link\" href=\"https:\/\/perlatodo.com\/perla\/arranca-el-anio-con-suerte-blog\/\" tabindex=\"-1\" ><div class=\"elementor-post__thumbnail\"><img decoding=\"async\" width=\"1081\" height=\"1081\" src=\"https:\/\/perlatodo.com\/perla\/wp-content\/uploads\/2026\/01\/1080x1080-Arranca-el-ano-con-suerte.webp\" class=\"attachment-full size-full wp-image-5374\" alt=\"\" srcset=\"https:\/\/perlatodo.com\/perla\/wp-content\/uploads\/2026\/01\/1080x1080-Arranca-el-ano-con-suerte.webp 1081w, https:\/\/perlatodo.com\/perla\/wp-content\/uploads\/2026\/01\/1080x1080-Arranca-el-ano-con-suerte-300x300.webp 300w, https:\/\/perlatodo.com\/perla\/wp-content\/uploads\/2026\/01\/1080x1080-Arranca-el-ano-con-suerte-1024x1024.webp 1024w, https:\/\/perlatodo.com\/perla\/wp-content\/uploads\/2026\/01\/1080x1080-Arranca-el-ano-con-suerte-150x150.webp 150w, https:\/\/perlatodo.com\/perla\/wp-content\/uploads\/2026\/01\/1080x1080-Arranca-el-ano-con-suerte-768x768.webp 768w\" sizes=\"(max-width: 1081px) 100vw, 1081px\" \/><\/div><\/a>\n\t\t\t\t<div class=\"elementor-post__text\">\n\t\t\t\t<h2 class=\"elementor-post__title\">\n\t\t\t<a href=\"https:\/\/perlatodo.com\/perla\/arranca-el-anio-con-suerte-blog\/\" >\n\t\t\t\tArranca el a\u00f1o con suerte &#8211; blog\t\t\t<\/a>\n\t\t<\/h2>\n\t\t\t\t<div class=\"elementor-post__excerpt\">\n\t\t\t<p>Arranca el a\u00f1o con suerte Del 1 al 31 de Enero de 2026, todos los clientes que jueguen (Chance, MegaChance, Gana Diario, Patota, La Quinta, Chance Millonario, Billonario) habilitados los d\u00edas domingo y registren sus tiquetes no ganadores en la p\u00e1gina oficial https:\/\/perlatodo.com\/perla\/arranca-el-anio-con-suerte\/, participar\u00e1n autom\u00e1ticamente en la campa\u00f1a \u201cArranca el a\u00f1o con suerte\u201d y tendr\u00e1n la oportunidad de ganar un<\/p>\n\t\t<\/div>\n\t\t\n\t\t<a class=\"elementor-post__read-more\" href=\"https:\/\/perlatodo.com\/perla\/arranca-el-anio-con-suerte-blog\/\" aria-label=\"Read more about Arranca el a\u00f1o con suerte &#8211; blog\" tabindex=\"-1\" >\n\t\t\tLeer m\u00e1s \u00bb\t\t<\/a>\n\n\t\t\t\t<\/div>\n\t\t\t\t<div class=\"elementor-post__meta-data\">\n\t\t\t\t\t<span class=\"elementor-post-date\">\n\t\t\t8 enero, 2026\t\t<\/span>\n\t\t\t\t<\/div>\n\t\t\t\t\t<\/div>\n\t\t<\/article>\n\t\t\t\t<article class=\"elementor-post elementor-grid-item post-5350 post type-post status-publish format-standard has-post-thumbnail hentry category-blog\" role=\"listitem\">\n\t\t\t<div class=\"elementor-post__card\">\n\t\t\t\t<a class=\"elementor-post__thumbnail__link\" href=\"https:\/\/perlatodo.com\/perla\/navidad-de-aciertos-blog\/\" tabindex=\"-1\" ><div class=\"elementor-post__thumbnail\"><img decoding=\"async\" width=\"1080\" height=\"1080\" src=\"https:\/\/perlatodo.com\/perla\/wp-content\/uploads\/2025\/12\/1080-Navidad-de-Aciertos-1.webp\" class=\"attachment-full size-full wp-image-5331\" alt=\"\" srcset=\"https:\/\/perlatodo.com\/perla\/wp-content\/uploads\/2025\/12\/1080-Navidad-de-Aciertos-1.webp 1080w, https:\/\/perlatodo.com\/perla\/wp-content\/uploads\/2025\/12\/1080-Navidad-de-Aciertos-1-300x300.webp 300w, https:\/\/perlatodo.com\/perla\/wp-content\/uploads\/2025\/12\/1080-Navidad-de-Aciertos-1-1024x1024.webp 1024w, https:\/\/perlatodo.com\/perla\/wp-content\/uploads\/2025\/12\/1080-Navidad-de-Aciertos-1-150x150.webp 150w, https:\/\/perlatodo.com\/perla\/wp-content\/uploads\/2025\/12\/1080-Navidad-de-Aciertos-1-768x768.webp 768w\" sizes=\"(max-width: 1080px) 100vw, 1080px\" \/><\/div><\/a>\n\t\t\t\t<div class=\"elementor-post__text\">\n\t\t\t\t<h2 class=\"elementor-post__title\">\n\t\t\t<a href=\"https:\/\/perlatodo.com\/perla\/navidad-de-aciertos-blog\/\" >\n\t\t\t\tNavidad de Aciertos &#8211; blog\t\t\t<\/a>\n\t\t<\/h2>\n\t\t\t\t<div class=\"elementor-post__excerpt\">\n\t\t\t<p>Navidad de Aciertos Del 1 al 31 de diciembre de 2025, todos los clientes que depositen sus tiquetes no ganadores desde $2.000 de Chance Tradicional (4 cifras, 3 cifras, combinado de 4 cifras o combinado de 3 cifras) en buzones autorizados de La Perla tendr\u00e1n la oportunidad de ganar incre\u00edbles premios. Premios por zona Zona Norte: Premio Motero Zona Sur:<\/p>\n\t\t<\/div>\n\t\t\n\t\t<a class=\"elementor-post__read-more\" href=\"https:\/\/perlatodo.com\/perla\/navidad-de-aciertos-blog\/\" aria-label=\"Read more about Navidad de Aciertos &#8211; blog\" tabindex=\"-1\" >\n\t\t\tLeer m\u00e1s \u00bb\t\t<\/a>\n\n\t\t\t\t<\/div>\n\t\t\t\t<div class=\"elementor-post__meta-data\">\n\t\t\t\t\t<span class=\"elementor-post-date\">\n\t\t\t4 diciembre, 2025\t\t<\/span>\n\t\t\t\t<\/div>\n\t\t\t\t\t<\/div>\n\t\t<\/article>\n\t\t\t\t<article class=\"elementor-post elementor-grid-item post-5344 post type-post status-publish format-standard has-post-thumbnail hentry category-blog\" role=\"listitem\">\n\t\t\t<div class=\"elementor-post__card\">\n\t\t\t\t<a class=\"elementor-post__thumbnail__link\" href=\"https:\/\/perlatodo.com\/perla\/domingos-millonarios-blog\/\" tabindex=\"-1\" ><div class=\"elementor-post__thumbnail\"><img loading=\"lazy\" decoding=\"async\" width=\"1080\" height=\"1080\" src=\"https:\/\/perlatodo.com\/perla\/wp-content\/uploads\/2025\/12\/Registro-Domingos-Millonarios.webp\" class=\"attachment-full size-full wp-image-5279\" alt=\"\" srcset=\"https:\/\/perlatodo.com\/perla\/wp-content\/uploads\/2025\/12\/Registro-Domingos-Millonarios.webp 1080w, https:\/\/perlatodo.com\/perla\/wp-content\/uploads\/2025\/12\/Registro-Domingos-Millonarios-300x300.webp 300w, https:\/\/perlatodo.com\/perla\/wp-content\/uploads\/2025\/12\/Registro-Domingos-Millonarios-1024x1024.webp 1024w, https:\/\/perlatodo.com\/perla\/wp-content\/uploads\/2025\/12\/Registro-Domingos-Millonarios-150x150.webp 150w, https:\/\/perlatodo.com\/perla\/wp-content\/uploads\/2025\/12\/Registro-Domingos-Millonarios-768x768.webp 768w\" sizes=\"(max-width: 1080px) 100vw, 1080px\" \/><\/div><\/a>\n\t\t\t\t<div class=\"elementor-post__text\">\n\t\t\t\t<h2 class=\"elementor-post__title\">\n\t\t\t<a href=\"https:\/\/perlatodo.com\/perla\/domingos-millonarios-blog\/\" >\n\t\t\t\tDomingos Millonarios &#8211; blog\t\t\t<\/a>\n\t\t<\/h2>\n\t\t\t\t<div class=\"elementor-post__excerpt\">\n\t\t\t<p>Celebra amor y amistad como BILLONARIOS Del 1 de septiembre al 30 de septiembre de 2025, todos los clientes que registren en https:\/\/perlatodo.com\/amor-y-amistad-como-billonarios\/ el serial de sus tiquetes no ganadores de Billonario y Chance Millonario, participar\u00e1n autom\u00e1ticamente en nuestra campa\u00f1a &#8220; Celebra amor y amistad como BILLONARIOS&#8221; y tendr\u00e1n la oportunidad de ganar 2 noches en un glamping en Santander.<\/p>\n\t\t<\/div>\n\t\t\n\t\t<a class=\"elementor-post__read-more\" href=\"https:\/\/perlatodo.com\/perla\/domingos-millonarios-blog\/\" aria-label=\"Read more about Domingos Millonarios &#8211; blog\" tabindex=\"-1\" >\n\t\t\tLeer m\u00e1s \u00bb\t\t<\/a>\n\n\t\t\t\t<\/div>\n\t\t\t\t<div class=\"elementor-post__meta-data\">\n\t\t\t\t\t<span class=\"elementor-post-date\">\n\t\t\t4 diciembre, 2025\t\t<\/span>\n\t\t\t\t<\/div>\n\t\t\t\t\t<\/div>\n\t\t<\/article>\n\t\t\t\t<article class=\"elementor-post elementor-grid-item post-4826 post type-post status-publish format-standard has-post-thumbnail hentry category-blog\" role=\"listitem\">\n\t\t\t<div class=\"elementor-post__card\">\n\t\t\t\t<a class=\"elementor-post__thumbnail__link\" href=\"https:\/\/perlatodo.com\/perla\/celebra-amor-y-amistad-como-billonarios-blog\/\" tabindex=\"-1\" ><div class=\"elementor-post__thumbnail\"><img loading=\"lazy\" decoding=\"async\" width=\"1080\" height=\"1080\" src=\"https:\/\/perlatodo.com\/perla\/wp-content\/uploads\/2025\/08\/Banner-cuadrado-amor-y-amistad.webp\" class=\"attachment-full size-full wp-image-4807\" alt=\"\" srcset=\"https:\/\/perlatodo.com\/perla\/wp-content\/uploads\/2025\/08\/Banner-cuadrado-amor-y-amistad.webp 1080w, https:\/\/perlatodo.com\/perla\/wp-content\/uploads\/2025\/08\/Banner-cuadrado-amor-y-amistad-300x300.webp 300w, https:\/\/perlatodo.com\/perla\/wp-content\/uploads\/2025\/08\/Banner-cuadrado-amor-y-amistad-1024x1024.webp 1024w, https:\/\/perlatodo.com\/perla\/wp-content\/uploads\/2025\/08\/Banner-cuadrado-amor-y-amistad-150x150.webp 150w, https:\/\/perlatodo.com\/perla\/wp-content\/uploads\/2025\/08\/Banner-cuadrado-amor-y-amistad-768x768.webp 768w\" sizes=\"(max-width: 1080px) 100vw, 1080px\" \/><\/div><\/a>\n\t\t\t\t<div class=\"elementor-post__text\">\n\t\t\t\t<h2 class=\"elementor-post__title\">\n\t\t\t<a href=\"https:\/\/perlatodo.com\/perla\/celebra-amor-y-amistad-como-billonarios-blog\/\" >\n\t\t\t\tCelebra amor y amistad como BILLONARIOS &#8211; blog\t\t\t<\/a>\n\t\t<\/h2>\n\t\t\t\t<div class=\"elementor-post__excerpt\">\n\t\t\t<p>Celebra amor y amistad como BILLONARIOS Del 1 de septiembre al 30 de septiembre de 2025, todos los clientes que registren en https:\/\/perlatodo.com\/amor-y-amistad-como-billonarios\/ el serial de sus tiquetes no ganadores de Billonario y Chance Millonario, participar\u00e1n autom\u00e1ticamente en nuestra campa\u00f1a &#8220; Celebra amor y amistad como BILLONARIOS&#8221; y tendr\u00e1n la oportunidad de ganar 2 noches en un glamping en Santander.<\/p>\n\t\t<\/div>\n\t\t\n\t\t<a class=\"elementor-post__read-more\" href=\"https:\/\/perlatodo.com\/perla\/celebra-amor-y-amistad-como-billonarios-blog\/\" aria-label=\"Read more about Celebra amor y amistad como BILLONARIOS &#8211; blog\" tabindex=\"-1\" >\n\t\t\tLeer m\u00e1s \u00bb\t\t<\/a>\n\n\t\t\t\t<\/div>\n\t\t\t\t<div class=\"elementor-post__meta-data\">\n\t\t\t\t\t<span class=\"elementor-post-date\">\n\t\t\t31 agosto, 2025\t\t<\/span>\n\t\t\t\t<\/div>\n\t\t\t\t\t<\/div>\n\t\t<\/article>\n\t\t\t\t<article class=\"elementor-post elementor-grid-item post-4698 post type-post status-publish format-standard has-post-thumbnail hentry category-blog\" role=\"listitem\">\n\t\t\t<div class=\"elementor-post__card\">\n\t\t\t\t<a class=\"elementor-post__thumbnail__link\" href=\"https:\/\/perlatodo.com\/perla\/blog-re-juega-con-tu-suerte\/\" tabindex=\"-1\" ><div class=\"elementor-post__thumbnail\"><img loading=\"lazy\" decoding=\"async\" width=\"1080\" height=\"1080\" src=\"https:\/\/perlatodo.com\/perla\/wp-content\/uploads\/2025\/07\/Banner-cuadrado-Re-juega-con-tu-suerte.webp\" class=\"attachment-full size-full wp-image-4693\" alt=\"\" srcset=\"https:\/\/perlatodo.com\/perla\/wp-content\/uploads\/2025\/07\/Banner-cuadrado-Re-juega-con-tu-suerte.webp 1080w, https:\/\/perlatodo.com\/perla\/wp-content\/uploads\/2025\/07\/Banner-cuadrado-Re-juega-con-tu-suerte-300x300.webp 300w, https:\/\/perlatodo.com\/perla\/wp-content\/uploads\/2025\/07\/Banner-cuadrado-Re-juega-con-tu-suerte-1024x1024.webp 1024w, https:\/\/perlatodo.com\/perla\/wp-content\/uploads\/2025\/07\/Banner-cuadrado-Re-juega-con-tu-suerte-150x150.webp 150w, https:\/\/perlatodo.com\/perla\/wp-content\/uploads\/2025\/07\/Banner-cuadrado-Re-juega-con-tu-suerte-768x768.webp 768w\" sizes=\"(max-width: 1080px) 100vw, 1080px\" \/><\/div><\/a>\n\t\t\t\t<div class=\"elementor-post__text\">\n\t\t\t\t<h2 class=\"elementor-post__title\">\n\t\t\t<a href=\"https:\/\/perlatodo.com\/perla\/blog-re-juega-con-tu-suerte\/\" >\n\t\t\t\tRE- JUEGA con tu suerte &#8211; blog\t\t\t<\/a>\n\t\t<\/h2>\n\t\t\t\t<div class=\"elementor-post__excerpt\">\n\t\t\t<p>RE- JUEGA con tu suerte Del 1 de julio al 30 de septiembre de 2025, todos los clientes que registren en https:\/\/perlatodo.com\/perla\/re-juega-con-tu-suerte\/ el serial de sus tiquetes no ganadores desde $4.000 de Chance Tradicional (4 cifras, 3 cifras, combinado de 4 cifras o combinado de 3 cifras), La Patota, Mega Chance o La Quinta, participar\u00e1n autom\u00e1ticamente en nuestra campa\u00f1a &#8220;Re-juega<\/p>\n\t\t<\/div>\n\t\t\n\t\t<a class=\"elementor-post__read-more\" href=\"https:\/\/perlatodo.com\/perla\/blog-re-juega-con-tu-suerte\/\" aria-label=\"Read more about RE- JUEGA con tu suerte &#8211; blog\" tabindex=\"-1\" >\n\t\t\tLeer m\u00e1s \u00bb\t\t<\/a>\n\n\t\t\t\t<\/div>\n\t\t\t\t<div class=\"elementor-post__meta-data\">\n\t\t\t\t\t<span class=\"elementor-post-date\">\n\t\t\t1 julio, 2025\t\t<\/span>\n\t\t\t\t<\/div>\n\t\t\t\t\t<\/div>\n\t\t<\/article>\n\t\t\t\t<\/div>\n\t\t\t\t\t<span class=\"e-load-more-spinner\">\n\t\t\t\t<i aria-hidden=\"true\" class=\"fas fa-spinner\"><\/i>\t\t\t<\/span>\n\t\t\n\t\t\t\t<div class=\"e-load-more-anchor\" data-page=\"1\" data-max-page=\"7\" data-next-page=\"https:\/\/perlatodo.com\/perla\/wp-json\/wp\/v2\/pages\/1326\/page\/2\/\"><\/div>\n\t\t\t\t<div class=\"e-load-more-message\"><\/div>\n\t\t\t\t\t\t<\/div>\n\t\t\t\t<\/div>\n\t\t\t\t\t<\/div>\n\t\t<\/div>\n\t\t\t\t\t<\/div>\n\t\t<\/section>\n\t\t\t\t\t<\/div>\n\t\t<\/div>\n\t\t\t\t\t<\/div>\n\t\t<\/section>\n\t\t\t\t<section data-particle_enable=\"false\" data-particle-mobile-disabled=\"false\" class=\"elementor-section elementor-top-section elementor-element elementor-element-38eef65 elementor-section-full_width elementor-section-height-min-height elementor-section-stretched elementor-section-height-default elementor-section-items-middle\" data-id=\"38eef65\" data-element_type=\"section\" data-e-type=\"section\" data-settings=\"{&quot;stretch_section&quot;:&quot;section-stretched&quot;,&quot;background_background&quot;:&quot;classic&quot;}\">\n\t\t\t\t\t\t\t<div class=\"elementor-background-overlay\"><\/div>\n\t\t\t\t\t\t\t<div class=\"elementor-container elementor-column-gap-no\">\n\t\t\t\t\t<div class=\"elementor-column elementor-col-100 elementor-top-column elementor-element elementor-element-556dbe2\" data-id=\"556dbe2\" data-element_type=\"column\" data-e-type=\"column\">\n\t\t\t<div class=\"elementor-widget-wrap elementor-element-populated\">\n\t\t\t\t\t\t<section data-particle_enable=\"false\" data-particle-mobile-disabled=\"false\" class=\"elementor-section elementor-inner-section elementor-element elementor-element-190e78e elementor-section-boxed elementor-section-height-default elementor-section-height-default\" data-id=\"190e78e\" data-element_type=\"section\" data-e-type=\"section\">\n\t\t\t\t\t\t<div class=\"elementor-container elementor-column-gap-default\">\n\t\t\t\t\t<div class=\"elementor-column elementor-col-100 elementor-inner-column elementor-element elementor-element-cf81950\" data-id=\"cf81950\" data-element_type=\"column\" data-e-type=\"column\">\n\t\t\t<div class=\"elementor-widget-wrap elementor-element-populated\">\n\t\t\t\t\t\t<div class=\"elementor-element elementor-element-bc4cadb elementor-widget elementor-widget-image\" data-id=\"bc4cadb\" data-element_type=\"widget\" data-e-type=\"widget\" data-widget_type=\"image.default\">\n\t\t\t\t<div class=\"elementor-widget-container\">\n\t\t\t\t\t\t\t\t\t\t\t\t\t\t\t<img loading=\"lazy\" decoding=\"async\" width=\"800\" height=\"410\" src=\"https:\/\/perlatodo.com\/perla\/wp-content\/uploads\/2024\/02\/pie_empresa.webp\" class=\"attachment-full size-full wp-image-815\" alt=\"\" srcset=\"https:\/\/perlatodo.com\/perla\/wp-content\/uploads\/2024\/02\/pie_empresa.webp 800w, https:\/\/perlatodo.com\/perla\/wp-content\/uploads\/2024\/02\/pie_empresa-300x154.webp 300w, https:\/\/perlatodo.com\/perla\/wp-content\/uploads\/2024\/02\/pie_empresa-768x394.webp 768w\" sizes=\"(max-width: 800px) 100vw, 800px\" \/>\t\t\t\t\t\t\t\t\t\t\t\t\t\t\t<\/div>\n\t\t\t\t<\/div>\n\t\t\t\t\t<\/div>\n\t\t<\/div>\n\t\t\t\t\t<\/div>\n\t\t<\/section>\n\t\t\t\t\t<\/div>\n\t\t<\/div>\n\t\t\t\t\t<\/div>\n\t\t<\/section>\n\t\t\t\t<\/div>\n\t\t","protected":false},"excerpt":{"rendered":"<p>Promociones<\/p>\n","protected":false},"author":1,"featured_media":0,"parent":0,"menu_order":0,"comment_status":"closed","ping_status":"closed","template":"elementor_header_footer","meta":{"footnotes":""},"class_list":["post-1326","page","type-page","status-publish","hentry"],"_links":{"self":[{"href":"https:\/\/perlatodo.com\/perla\/wp-json\/wp\/v2\/pages\/1326","targetHints":{"allow":["GET"]}}],"collection":[{"href":"https:\/\/perlatodo.com\/perla\/wp-json\/wp\/v2\/pages"}],"about":[{"href":"https:\/\/perlatodo.com\/perla\/wp-json\/wp\/v2\/types\/page"}],"author":[{"embeddable":true,"href":"https:\/\/perlatodo.com\/perla\/wp-json\/wp\/v2\/users\/1"}],"replies":[{"embeddable":true,"href":"https:\/\/perlatodo.com\/perla\/wp-json\/wp\/v2\/comments?post=1326"}],"version-history":[{"count":0,"href":"https:\/\/perlatodo.com\/perla\/wp-json\/wp\/v2\/pages\/1326\/revisions"}],"wp:attachment":[{"href":"https:\/\/perlatodo.com\/perla\/wp-json\/wp\/v2\/media?parent=1326"}],"curies":[{"name":"wp","href":"https:\/\/api.w.org\/{rel}","templated":true}]}}