{"id":1326,"date":"2024-02-21T19:41:06","date_gmt":"2024-02-22T00:41:06","guid":{"rendered":"https:\/\/perlatodo.com\/jc\/?page_id=1326"},"modified":"2025-01-07T17:59:16","modified_gmt":"2025-01-07T22:59:16","slug":"blog","status":"publish","type":"page","link":"https:\/\/perlatodo.com\/jc\/blog\/","title":{"rendered":"Blog"},"content":{"rendered":"\t\t<div data-elementor-type=\"wp-page\" data-elementor-id=\"1326\" class=\"elementor elementor-1326\" data-elementor-post-type=\"page\">\n\t\t\t\t\t\t<section data-particle_enable=\"false\" data-particle-mobile-disabled=\"false\" class=\"elementor-section elementor-top-section elementor-element elementor-element-b8b7637 elementor-section-full_width elementor-section-height-min-height elementor-section-stretched elementor-section-height-default elementor-section-items-middle\" data-id=\"b8b7637\" data-element_type=\"section\" data-settings=\"{&quot;stretch_section&quot;:&quot;section-stretched&quot;,&quot;background_background&quot;:&quot;classic&quot;}\">\n\t\t\t\t\t\t\t<div class=\"elementor-background-overlay\"><\/div>\n\t\t\t\t\t\t\t<div class=\"elementor-container elementor-column-gap-no\">\n\t\t\t\t\t<div class=\"elementor-column elementor-col-100 elementor-top-column elementor-element elementor-element-3dcbd7b\" data-id=\"3dcbd7b\" data-element_type=\"column\">\n\t\t\t<div class=\"elementor-widget-wrap elementor-element-populated\">\n\t\t\t\t\t\t<section data-particle_enable=\"false\" data-particle-mobile-disabled=\"false\" class=\"elementor-section elementor-inner-section elementor-element elementor-element-7b33351 elementor-section-boxed elementor-section-height-default elementor-section-height-default\" data-id=\"7b33351\" data-element_type=\"section\">\n\t\t\t\t\t\t<div class=\"elementor-container elementor-column-gap-default\">\n\t\t\t\t\t<div class=\"elementor-column elementor-col-50 elementor-inner-column elementor-element elementor-element-8b015a6\" data-id=\"8b015a6\" data-element_type=\"column\">\n\t\t\t<div class=\"elementor-widget-wrap elementor-element-populated\">\n\t\t\t\t\t\t<div class=\"elementor-element elementor-element-a63bfa3 elementor-widget elementor-widget-heading\" data-id=\"a63bfa3\" data-element_type=\"widget\" data-widget_type=\"heading.default\">\n\t\t\t\t<div class=\"elementor-widget-container\">\n\t\t\t<style>\/*! elementor - v3.19.0 - 05-02-2024 *\/\n.elementor-heading-title{padding:0;margin:0;line-height:1}.elementor-widget-heading .elementor-heading-title[class*=elementor-size-]>a{color:inherit;font-size:inherit;line-height:inherit}.elementor-widget-heading .elementor-heading-title.elementor-size-small{font-size:15px}.elementor-widget-heading .elementor-heading-title.elementor-size-medium{font-size:19px}.elementor-widget-heading .elementor-heading-title.elementor-size-large{font-size:29px}.elementor-widget-heading .elementor-heading-title.elementor-size-xl{font-size:39px}.elementor-widget-heading .elementor-heading-title.elementor-size-xxl{font-size:59px}<\/style><h2 class=\"elementor-heading-title elementor-size-default\">Blog\n<\/h2>\t\t<\/div>\n\t\t\t\t<\/div>\n\t\t\t\t\t<\/div>\n\t\t<\/div>\n\t\t\t\t<div class=\"elementor-column elementor-col-50 elementor-inner-column elementor-element elementor-element-399d3c4\" data-id=\"399d3c4\" data-element_type=\"column\">\n\t\t\t<div class=\"elementor-widget-wrap\">\n\t\t\t\t\t\t\t<\/div>\n\t\t<\/div>\n\t\t\t\t\t<\/div>\n\t\t<\/section>\n\t\t\t\t\t<\/div>\n\t\t<\/div>\n\t\t\t\t\t<\/div>\n\t\t<\/section>\n\t\t\t\t<section data-particle_enable=\"false\" data-particle-mobile-disabled=\"false\" class=\"elementor-section elementor-top-section elementor-element elementor-element-e99da51 elementor-section-full_width elementor-section-height-default elementor-section-height-default\" data-id=\"e99da51\" data-element_type=\"section\">\n\t\t\t\t\t\t<div class=\"elementor-container elementor-column-gap-default\">\n\t\t\t\t\t<div class=\"elementor-column elementor-col-100 elementor-top-column elementor-element elementor-element-0eff8e9\" data-id=\"0eff8e9\" data-element_type=\"column\">\n\t\t\t<div class=\"elementor-widget-wrap elementor-element-populated\">\n\t\t\t\t\t\t<section data-particle_enable=\"false\" data-particle-mobile-disabled=\"false\" class=\"elementor-section elementor-inner-section elementor-element elementor-element-a6696f6 elementor-section-boxed elementor-section-height-default elementor-section-height-default\" data-id=\"a6696f6\" data-element_type=\"section\">\n\t\t\t\t\t\t<div class=\"elementor-container elementor-column-gap-default\">\n\t\t\t\t\t<div class=\"elementor-column elementor-col-100 elementor-inner-column elementor-element elementor-element-c11a423\" data-id=\"c11a423\" data-element_type=\"column\">\n\t\t\t<div class=\"elementor-widget-wrap elementor-element-populated\">\n\t\t\t\t\t\t<div class=\"elementor-element elementor-element-c648d72 elementor-posts--align-left elementor-grid-3 elementor-grid-tablet-2 elementor-grid-mobile-1 elementor-posts--thumbnail-top elementor-card-shadow-yes elementor-posts__hover-gradient elementor-widget elementor-widget-posts\" data-id=\"c648d72\" data-element_type=\"widget\" data-settings=\"{&quot;cards_masonry&quot;:&quot;yes&quot;,&quot;pagination_type&quot;:&quot;load_more_infinite_scroll&quot;,&quot;cards_columns&quot;:&quot;3&quot;,&quot;cards_columns_tablet&quot;:&quot;2&quot;,&quot;cards_columns_mobile&quot;:&quot;1&quot;,&quot;cards_row_gap&quot;:{&quot;unit&quot;:&quot;px&quot;,&quot;size&quot;:35,&quot;sizes&quot;:[]},&quot;cards_row_gap_tablet&quot;:{&quot;unit&quot;:&quot;px&quot;,&quot;size&quot;:&quot;&quot;,&quot;sizes&quot;:[]},&quot;cards_row_gap_mobile&quot;:{&quot;unit&quot;:&quot;px&quot;,&quot;size&quot;:&quot;&quot;,&quot;sizes&quot;:[]},&quot;load_more_spinner&quot;:{&quot;value&quot;:&quot;fas fa-spinner&quot;,&quot;library&quot;:&quot;fa-solid&quot;}}\" data-widget_type=\"posts.cards\">\n\t\t\t\t<div class=\"elementor-widget-container\">\n\t\t\t<link rel=\"stylesheet\" href=\"https:\/\/perlatodo.com\/jc\/wp-content\/plugins\/elementor-pro\/assets\/css\/widget-posts.min.css\">\t\t<div class=\"elementor-posts-container elementor-posts elementor-posts--skin-cards elementor-grid\">\n\t\t\t\t<article class=\"elementor-post elementor-grid-item post-3098 post type-post status-publish format-standard has-post-thumbnail hentry category-sin-categoria\">\n\t\t\t<div class=\"elementor-post__card\">\n\t\t\t\t<a class=\"elementor-post__thumbnail__link\" href=\"https:\/\/perlatodo.com\/jc\/al-ritmo-del-balon\/\" tabindex=\"-1\" ><div class=\"elementor-post__thumbnail\"><img fetchpriority=\"high\" decoding=\"async\" width=\"1080\" height=\"1080\" src=\"https:\/\/perlatodo.com\/jc\/wp-content\/uploads\/2025\/02\/Al-ritmo-del-balon.webp\" class=\"attachment-full size-full wp-image-3099\" alt=\"\" srcset=\"https:\/\/perlatodo.com\/jc\/wp-content\/uploads\/2025\/02\/Al-ritmo-del-balon.webp 1080w, https:\/\/perlatodo.com\/jc\/wp-content\/uploads\/2025\/02\/Al-ritmo-del-balon-300x300.webp 300w, https:\/\/perlatodo.com\/jc\/wp-content\/uploads\/2025\/02\/Al-ritmo-del-balon-1024x1024.webp 1024w, https:\/\/perlatodo.com\/jc\/wp-content\/uploads\/2025\/02\/Al-ritmo-del-balon-150x150.webp 150w, https:\/\/perlatodo.com\/jc\/wp-content\/uploads\/2025\/02\/Al-ritmo-del-balon-768x768.webp 768w\" sizes=\"(max-width: 1080px) 100vw, 1080px\" \/><\/div><\/a>\n\t\t\t\t<div class=\"elementor-post__text\">\n\t\t\t\t<h2 class=\"elementor-post__title\">\n\t\t\t<a href=\"https:\/\/perlatodo.com\/jc\/al-ritmo-del-balon\/\" >\n\t\t\t\tAl ritmo del bal\u00f3n\t\t\t<\/a>\n\t\t<\/h2>\n\t\t\t\t<div class=\"elementor-post__excerpt\">\n\t\t\t<p>Al ritmo del bal\u00f3n Desde el 7 de febrero hasta el 12 de febrero de 2025, todos los clientes de Juegos y Apuestas La Perla que cumplan con los siguientes requisitos tienen la oportunidad de ganar una (1) boleta para localidad oriental para asistir al partido Atl\u00e9tico Bucaramanga vs Alianza FC. Requisitos para participar: Los clientes deber\u00e1n invitar a amigos<\/p>\n\t\t<\/div>\n\t\t\n\t\t<a class=\"elementor-post__read-more\" href=\"https:\/\/perlatodo.com\/jc\/al-ritmo-del-balon\/\" aria-label=\"Read more about Al ritmo del bal\u00f3n\" tabindex=\"-1\" >\n\t\t\tLeer m\u00e1s \u00bb\t\t<\/a>\n\n\t\t\t\t<\/div>\n\t\t\t\t<div class=\"elementor-post__meta-data\">\n\t\t\t\t\t<span class=\"elementor-post-date\">\n\t\t\t7 febrero, 2025\t\t<\/span>\n\t\t\t\t<\/div>\n\t\t\t\t\t<\/div>\n\t\t<\/article>\n\t\t\t\t<article class=\"elementor-post elementor-grid-item post-3088 post type-post status-publish format-standard has-post-thumbnail hentry category-sin-categoria\">\n\t\t\t<div class=\"elementor-post__card\">\n\t\t\t\t<a class=\"elementor-post__thumbnail__link\" href=\"https:\/\/perlatodo.com\/jc\/duelo-de-campeones\/\" tabindex=\"-1\" ><div class=\"elementor-post__thumbnail\"><img decoding=\"async\" width=\"1080\" height=\"1080\" src=\"https:\/\/perlatodo.com\/jc\/wp-content\/uploads\/2025\/01\/Duelo-de-Campeones-FTDS-1.webp\" class=\"attachment-full size-full wp-image-3090\" alt=\"\" srcset=\"https:\/\/perlatodo.com\/jc\/wp-content\/uploads\/2025\/01\/Duelo-de-Campeones-FTDS-1.webp 1080w, https:\/\/perlatodo.com\/jc\/wp-content\/uploads\/2025\/01\/Duelo-de-Campeones-FTDS-1-300x300.webp 300w, https:\/\/perlatodo.com\/jc\/wp-content\/uploads\/2025\/01\/Duelo-de-Campeones-FTDS-1-1024x1024.webp 1024w, https:\/\/perlatodo.com\/jc\/wp-content\/uploads\/2025\/01\/Duelo-de-Campeones-FTDS-1-150x150.webp 150w, https:\/\/perlatodo.com\/jc\/wp-content\/uploads\/2025\/01\/Duelo-de-Campeones-FTDS-1-768x768.webp 768w\" sizes=\"(max-width: 1080px) 100vw, 1080px\" \/><\/div><\/a>\n\t\t\t\t<div class=\"elementor-post__text\">\n\t\t\t\t<h2 class=\"elementor-post__title\">\n\t\t\t<a href=\"https:\/\/perlatodo.com\/jc\/duelo-de-campeones\/\" >\n\t\t\t\tDuelo de campeones\t\t\t<\/a>\n\t\t<\/h2>\n\t\t\t\t<div class=\"elementor-post__excerpt\">\n\t\t\t<p>Duelo de campeones Desde el 17 de enero hasta el 2 de febrero de 2025, todos los clientes de Juegos y Apuestas La Perla que cumplan con los siguientes requisitos tienen la oportunidad de ganar una (1) boleta para localidad oriental para asistir al partido Atl\u00e9tico Bucaramanga vs Atl\u00e9tico Nacional. Requisitos para participar: Los clientes deber\u00e1n invitar a amigos o<\/p>\n\t\t<\/div>\n\t\t\n\t\t<a class=\"elementor-post__read-more\" href=\"https:\/\/perlatodo.com\/jc\/duelo-de-campeones\/\" aria-label=\"Read more about Duelo de campeones\" tabindex=\"-1\" >\n\t\t\tLeer m\u00e1s \u00bb\t\t<\/a>\n\n\t\t\t\t<\/div>\n\t\t\t\t<div class=\"elementor-post__meta-data\">\n\t\t\t\t\t<span class=\"elementor-post-date\">\n\t\t\t18 enero, 2025\t\t<\/span>\n\t\t\t\t<\/div>\n\t\t\t\t\t<\/div>\n\t\t<\/article>\n\t\t\t\t<article class=\"elementor-post elementor-grid-item post-3081 post type-post status-publish format-standard has-post-thumbnail hentry category-sin-categoria\">\n\t\t\t<div class=\"elementor-post__card\">\n\t\t\t\t<a class=\"elementor-post__thumbnail__link\" href=\"https:\/\/perlatodo.com\/jc\/quien-sera-el-mejor\/\" tabindex=\"-1\" ><div class=\"elementor-post__thumbnail\"><img decoding=\"async\" width=\"1080\" height=\"1080\" src=\"https:\/\/perlatodo.com\/jc\/wp-content\/uploads\/2025\/01\/Quien-sera-el-mejor-1.webp\" class=\"attachment-full size-full wp-image-3083\" alt=\"\" srcset=\"https:\/\/perlatodo.com\/jc\/wp-content\/uploads\/2025\/01\/Quien-sera-el-mejor-1.webp 1080w, https:\/\/perlatodo.com\/jc\/wp-content\/uploads\/2025\/01\/Quien-sera-el-mejor-1-300x300.webp 300w, https:\/\/perlatodo.com\/jc\/wp-content\/uploads\/2025\/01\/Quien-sera-el-mejor-1-1024x1024.webp 1024w, https:\/\/perlatodo.com\/jc\/wp-content\/uploads\/2025\/01\/Quien-sera-el-mejor-1-150x150.webp 150w, https:\/\/perlatodo.com\/jc\/wp-content\/uploads\/2025\/01\/Quien-sera-el-mejor-1-768x768.webp 768w\" sizes=\"(max-width: 1080px) 100vw, 1080px\" \/><\/div><\/a>\n\t\t\t\t<div class=\"elementor-post__text\">\n\t\t\t\t<h2 class=\"elementor-post__title\">\n\t\t\t<a href=\"https:\/\/perlatodo.com\/jc\/quien-sera-el-mejor\/\" >\n\t\t\t\tQui\u00e9n ser\u00e1 el mejor\t\t\t<\/a>\n\t\t<\/h2>\n\t\t\t\t<div class=\"elementor-post__excerpt\">\n\t\t\t<p>\u00bfQui\u00e9n ser\u00e1 el mejor? Desde el 17 de enero hasta el 1 de febrero de 2025, todos los clientes de Apuestas La Perla que cumplan con los siguientes requisitos tienen la oportunidad de participar en el sorteo virtual para ganar 1 de 10 boletas en localidad occidental baja para asistir al partido del Atl\u00e9tico Bucaramanga vs Atl\u00e9tico Nacional. Requisitos para<\/p>\n\t\t<\/div>\n\t\t\n\t\t<a class=\"elementor-post__read-more\" href=\"https:\/\/perlatodo.com\/jc\/quien-sera-el-mejor\/\" aria-label=\"Read more about Qui\u00e9n ser\u00e1 el mejor\" tabindex=\"-1\" >\n\t\t\tLeer m\u00e1s \u00bb\t\t<\/a>\n\n\t\t\t\t<\/div>\n\t\t\t\t<div class=\"elementor-post__meta-data\">\n\t\t\t\t\t<span class=\"elementor-post-date\">\n\t\t\t17 enero, 2025\t\t<\/span>\n\t\t\t\t<\/div>\n\t\t\t\t\t<\/div>\n\t\t<\/article>\n\t\t\t\t<article class=\"elementor-post elementor-grid-item post-3057 post type-post status-publish format-standard has-post-thumbnail hentry category-sin-categoria\">\n\t\t\t<div class=\"elementor-post__card\">\n\t\t\t\t<a class=\"elementor-post__thumbnail__link\" href=\"https:\/\/perlatodo.com\/jc\/tu-chance-para-ganar\/\" tabindex=\"-1\" ><div class=\"elementor-post__thumbnail\"><img loading=\"lazy\" decoding=\"async\" width=\"1080\" height=\"1080\" src=\"https:\/\/perlatodo.com\/jc\/wp-content\/uploads\/2025\/01\/Redes-Chance-.webp\" class=\"attachment-full size-full wp-image-3066\" alt=\"\" srcset=\"https:\/\/perlatodo.com\/jc\/wp-content\/uploads\/2025\/01\/Redes-Chance-.webp 1080w, https:\/\/perlatodo.com\/jc\/wp-content\/uploads\/2025\/01\/Redes-Chance--300x300.webp 300w, https:\/\/perlatodo.com\/jc\/wp-content\/uploads\/2025\/01\/Redes-Chance--1024x1024.webp 1024w, https:\/\/perlatodo.com\/jc\/wp-content\/uploads\/2025\/01\/Redes-Chance--150x150.webp 150w, https:\/\/perlatodo.com\/jc\/wp-content\/uploads\/2025\/01\/Redes-Chance--768x768.webp 768w\" sizes=\"(max-width: 1080px) 100vw, 1080px\" \/><\/div><\/a>\n\t\t\t\t<div class=\"elementor-post__text\">\n\t\t\t\t<h2 class=\"elementor-post__title\">\n\t\t\t<a href=\"https:\/\/perlatodo.com\/jc\/tu-chance-para-ganar\/\" >\n\t\t\t\tTu Chance Para Ganar\t\t\t<\/a>\n\t\t<\/h2>\n\t\t\t\t<div class=\"elementor-post__excerpt\">\n\t\t\t<p>Tu Chance Para Ganar Del 7 de enero al 28 de febrero de 2025, todos los clientes que adquieran productos desde $3.000 de Chance Tradicional (4 cifras, 3 cifras, 2 cifras, 1 cifra, combinado de 4 cifras y combinado de 3 cifras), La Patota, Mega Chance, Gana Diario, Billonario y Chance Millonario y registren el serial del tiquete comprado en<\/p>\n\t\t<\/div>\n\t\t\n\t\t<a class=\"elementor-post__read-more\" href=\"https:\/\/perlatodo.com\/jc\/tu-chance-para-ganar\/\" aria-label=\"Read more about Tu Chance Para Ganar\" tabindex=\"-1\" >\n\t\t\tLeer m\u00e1s \u00bb\t\t<\/a>\n\n\t\t\t\t<\/div>\n\t\t\t\t<div class=\"elementor-post__meta-data\">\n\t\t\t\t\t<span class=\"elementor-post-date\">\n\t\t\t5 enero, 2025\t\t<\/span>\n\t\t\t\t<\/div>\n\t\t\t\t\t<\/div>\n\t\t<\/article>\n\t\t\t\t<article class=\"elementor-post elementor-grid-item post-3047 post type-post status-publish format-standard has-post-thumbnail hentry category-sin-categoria\">\n\t\t\t<div class=\"elementor-post__card\">\n\t\t\t\t<a class=\"elementor-post__thumbnail__link\" href=\"https:\/\/perlatodo.com\/jc\/merca-con-la-perla\/\" tabindex=\"-1\" ><div class=\"elementor-post__thumbnail\"><img loading=\"lazy\" decoding=\"async\" width=\"1080\" height=\"1080\" src=\"https:\/\/perlatodo.com\/jc\/wp-content\/uploads\/2025\/01\/Merca-con-La-Perla-redes.webp\" class=\"attachment-full size-full wp-image-3052\" alt=\"\" srcset=\"https:\/\/perlatodo.com\/jc\/wp-content\/uploads\/2025\/01\/Merca-con-La-Perla-redes.webp 1080w, https:\/\/perlatodo.com\/jc\/wp-content\/uploads\/2025\/01\/Merca-con-La-Perla-redes-300x300.webp 300w, https:\/\/perlatodo.com\/jc\/wp-content\/uploads\/2025\/01\/Merca-con-La-Perla-redes-1024x1024.webp 1024w, https:\/\/perlatodo.com\/jc\/wp-content\/uploads\/2025\/01\/Merca-con-La-Perla-redes-150x150.webp 150w, https:\/\/perlatodo.com\/jc\/wp-content\/uploads\/2025\/01\/Merca-con-La-Perla-redes-768x768.webp 768w\" sizes=\"(max-width: 1080px) 100vw, 1080px\" \/><\/div><\/a>\n\t\t\t\t<div class=\"elementor-post__text\">\n\t\t\t\t<h2 class=\"elementor-post__title\">\n\t\t\t<a href=\"https:\/\/perlatodo.com\/jc\/merca-con-la-perla\/\" >\n\t\t\t\tMerca con La Perla\t\t\t<\/a>\n\t\t<\/h2>\n\t\t\t\t<div class=\"elementor-post__excerpt\">\n\t\t\t<p>Merca con La Perla Del 7 de enero al 31 de marzo de 2025, todos los clientes de servicios (giros, recaudos y recargas a celular) tienen la oportunidad de registrar el serial del tiquete comprado en la p\u00e1gina web\u00a0 https:\/\/perlatodo.com\/merca-con-la-perla\/ y participar en el sorteo virtual por el siguiente premio: 5 bonos de mercado por $500.000. \u00a0 Requisitos para participar:<\/p>\n\t\t<\/div>\n\t\t\n\t\t<a class=\"elementor-post__read-more\" href=\"https:\/\/perlatodo.com\/jc\/merca-con-la-perla\/\" aria-label=\"Read more about Merca con La Perla\" tabindex=\"-1\" >\n\t\t\tLeer m\u00e1s \u00bb\t\t<\/a>\n\n\t\t\t\t<\/div>\n\t\t\t\t<div class=\"elementor-post__meta-data\">\n\t\t\t\t\t<span class=\"elementor-post-date\">\n\t\t\t5 enero, 2025\t\t<\/span>\n\t\t\t\t<\/div>\n\t\t\t\t\t<\/div>\n\t\t<\/article>\n\t\t\t\t<article class=\"elementor-post elementor-grid-item post-3004 post type-post status-publish format-standard has-post-thumbnail hentry category-sin-categoria\">\n\t\t\t<div class=\"elementor-post__card\">\n\t\t\t\t<a class=\"elementor-post__thumbnail__link\" href=\"https:\/\/perlatodo.com\/jc\/asados-con-betplay\/\" tabindex=\"-1\" ><div class=\"elementor-post__thumbnail\"><img loading=\"lazy\" decoding=\"async\" width=\"1080\" height=\"1080\" src=\"https:\/\/perlatodo.com\/jc\/wp-content\/uploads\/2024\/11\/post-Asados-con-BetPlay.webp\" class=\"attachment-full size-full wp-image-3006\" alt=\"\" srcset=\"https:\/\/perlatodo.com\/jc\/wp-content\/uploads\/2024\/11\/post-Asados-con-BetPlay.webp 1080w, https:\/\/perlatodo.com\/jc\/wp-content\/uploads\/2024\/11\/post-Asados-con-BetPlay-300x300.webp 300w, https:\/\/perlatodo.com\/jc\/wp-content\/uploads\/2024\/11\/post-Asados-con-BetPlay-1024x1024.webp 1024w, https:\/\/perlatodo.com\/jc\/wp-content\/uploads\/2024\/11\/post-Asados-con-BetPlay-150x150.webp 150w, https:\/\/perlatodo.com\/jc\/wp-content\/uploads\/2024\/11\/post-Asados-con-BetPlay-768x768.webp 768w\" sizes=\"(max-width: 1080px) 100vw, 1080px\" \/><\/div><\/a>\n\t\t\t\t<div class=\"elementor-post__text\">\n\t\t\t\t<h2 class=\"elementor-post__title\">\n\t\t\t<a href=\"https:\/\/perlatodo.com\/jc\/asados-con-betplay\/\" >\n\t\t\t\tAsados con BetPlay\t\t\t<\/a>\n\t\t<\/h2>\n\t\t\t\t<div class=\"elementor-post__excerpt\">\n\t\t\t<p>Asados con BetPlay Del 21 de noviembre al 31 de diciembre de 2024, todos los usuarios nuevos que se registren en BetPlay con el c\u00f3digo de tienda 303 y hagan su primer dep\u00f3sito por un valor m\u00ednimo de $5.000 en los puntos de venta La Perla \u2013 Su RED en Santander, participar\u00e1n en el siguiente sorteo: Premios: Un (1) kit<\/p>\n\t\t<\/div>\n\t\t\n\t\t<a class=\"elementor-post__read-more\" href=\"https:\/\/perlatodo.com\/jc\/asados-con-betplay\/\" aria-label=\"Read more about Asados con BetPlay\" tabindex=\"-1\" >\n\t\t\tLeer m\u00e1s \u00bb\t\t<\/a>\n\n\t\t\t\t<\/div>\n\t\t\t\t<div class=\"elementor-post__meta-data\">\n\t\t\t\t\t<span class=\"elementor-post-date\">\n\t\t\t21 noviembre, 2024\t\t<\/span>\n\t\t\t\t<\/div>\n\t\t\t\t\t<\/div>\n\t\t<\/article>\n\t\t\t\t<\/div>\n\t\t\t\t\t<span class=\"e-load-more-spinner\">\n\t\t\t\t<i aria-hidden=\"true\" class=\"fas fa-spinner\"><\/i>\t\t\t<\/span>\n\t\t\n\t\t\t\t<div class=\"e-load-more-anchor\" data-page=\"1\" data-max-page=\"5\" data-next-page=\"https:\/\/perlatodo.com\/jc\/wp-json\/wp\/v2\/pages\/1326\/page\/2\/\"><\/div>\n\t\t\t\t<div class=\"e-load-more-message\"><\/div>\n\t\t\t\t<\/div>\n\t\t\t\t<\/div>\n\t\t\t\t\t<\/div>\n\t\t<\/div>\n\t\t\t\t\t<\/div>\n\t\t<\/section>\n\t\t\t\t\t<\/div>\n\t\t<\/div>\n\t\t\t\t\t<\/div>\n\t\t<\/section>\n\t\t\t\t<section data-particle_enable=\"false\" data-particle-mobile-disabled=\"false\" class=\"elementor-section elementor-top-section elementor-element elementor-element-38eef65 elementor-section-full_width elementor-section-height-min-height elementor-section-stretched elementor-section-height-default elementor-section-items-middle\" data-id=\"38eef65\" data-element_type=\"section\" data-settings=\"{&quot;stretch_section&quot;:&quot;section-stretched&quot;,&quot;background_background&quot;:&quot;classic&quot;}\">\n\t\t\t\t\t\t\t<div class=\"elementor-background-overlay\"><\/div>\n\t\t\t\t\t\t\t<div class=\"elementor-container elementor-column-gap-no\">\n\t\t\t\t\t<div class=\"elementor-column elementor-col-100 elementor-top-column elementor-element elementor-element-556dbe2\" data-id=\"556dbe2\" data-element_type=\"column\">\n\t\t\t<div class=\"elementor-widget-wrap elementor-element-populated\">\n\t\t\t\t\t\t<section data-particle_enable=\"false\" data-particle-mobile-disabled=\"false\" class=\"elementor-section elementor-inner-section elementor-element elementor-element-190e78e elementor-section-boxed elementor-section-height-default elementor-section-height-default\" data-id=\"190e78e\" data-element_type=\"section\">\n\t\t\t\t\t\t<div class=\"elementor-container elementor-column-gap-default\">\n\t\t\t\t\t<div class=\"elementor-column elementor-col-100 elementor-inner-column elementor-element elementor-element-cf81950\" data-id=\"cf81950\" data-element_type=\"column\">\n\t\t\t<div class=\"elementor-widget-wrap elementor-element-populated\">\n\t\t\t\t\t\t<div class=\"elementor-element elementor-element-bc4cadb elementor-widget elementor-widget-image\" data-id=\"bc4cadb\" data-element_type=\"widget\" data-widget_type=\"image.default\">\n\t\t\t\t<div class=\"elementor-widget-container\">\n\t\t\t<style>\/*! elementor - v3.19.0 - 05-02-2024 *\/\n.elementor-widget-image{text-align:center}.elementor-widget-image a{display:inline-block}.elementor-widget-image a img[src$=\".svg\"]{width:48px}.elementor-widget-image img{vertical-align:middle;display:inline-block}<\/style>\t\t\t\t\t\t\t\t\t\t<img loading=\"lazy\" decoding=\"async\" width=\"800\" height=\"410\" src=\"https:\/\/perlatodo.com\/jc\/wp-content\/uploads\/2024\/02\/pie_empresa.webp\" class=\"attachment-full size-full wp-image-815\" alt=\"\" srcset=\"https:\/\/perlatodo.com\/jc\/wp-content\/uploads\/2024\/02\/pie_empresa.webp 800w, https:\/\/perlatodo.com\/jc\/wp-content\/uploads\/2024\/02\/pie_empresa-300x154.webp 300w, https:\/\/perlatodo.com\/jc\/wp-content\/uploads\/2024\/02\/pie_empresa-768x394.webp 768w\" sizes=\"(max-width: 800px) 100vw, 800px\" \/>\t\t\t\t\t\t\t\t\t\t\t\t\t<\/div>\n\t\t\t\t<\/div>\n\t\t\t\t\t<\/div>\n\t\t<\/div>\n\t\t\t\t\t<\/div>\n\t\t<\/section>\n\t\t\t\t\t<\/div>\n\t\t<\/div>\n\t\t\t\t\t<\/div>\n\t\t<\/section>\n\t\t\t\t<\/div>\n\t\t","protected":false},"excerpt":{"rendered":"<p>Blog<\/p>\n","protected":false},"author":1,"featured_media":0,"parent":0,"menu_order":0,"comment_status":"closed","ping_status":"closed","template":"elementor_header_footer","meta":{"footnotes":""},"class_list":["post-1326","page","type-page","status-publish","hentry"],"_links":{"self":[{"href":"https:\/\/perlatodo.com\/jc\/wp-json\/wp\/v2\/pages\/1326","targetHints":{"allow":["GET"]}}],"collection":[{"href":"https:\/\/perlatodo.com\/jc\/wp-json\/wp\/v2\/pages"}],"about":[{"href":"https:\/\/perlatodo.com\/jc\/wp-json\/wp\/v2\/types\/page"}],"author":[{"embeddable":true,"href":"https:\/\/perlatodo.com\/jc\/wp-json\/wp\/v2\/users\/1"}],"replies":[{"embeddable":true,"href":"https:\/\/perlatodo.com\/jc\/wp-json\/wp\/v2\/comments?post=1326"}],"version-history":[{"count":6,"href":"https:\/\/perlatodo.com\/jc\/wp-json\/wp\/v2\/pages\/1326\/revisions"}],"predecessor-version":[{"id":3073,"href":"https:\/\/perlatodo.com\/jc\/wp-json\/wp\/v2\/pages\/1326\/revisions\/3073"}],"wp:attachment":[{"href":"https:\/\/perlatodo.com\/jc\/wp-json\/wp\/v2\/media?parent=1326"}],"curies":[{"name":"wp","href":"https:\/\/api.w.org\/{rel}","templated":true}]}}